{"id":18,"date":"2025-12-22T16:45:02","date_gmt":"2025-12-22T15:45:02","guid":{"rendered":"http:\/\/lelocal-tournefeuille.fr\/?page_id=18"},"modified":"2026-01-15T11:43:52","modified_gmt":"2026-01-15T10:43:52","slug":"service-traiteur","status":"publish","type":"page","link":"https:\/\/lelocal-tournefeuille.fr\/?page_id=18","title":{"rendered":"Service Traiteur"},"content":{"rendered":"\n<div class=\"wp-block-uagb-advanced-heading uagb-block-f32010e9\"><h2 class=\"uagb-heading-text\">Traiteur et \u00e9v\u00e8nement <\/h2><\/div>\n\n\n\n<div class=\"wp-block-uagb-container uagb-block-35a8a997 default uagb-is-root-container\">\n<h3 class=\"wp-block-heading has-bangers-font-family has-large-font-size\" style=\"letter-spacing:2px\">Une cuisine maison pour vos \u00e9v\u00e9nements<\/h3>\n\n\n\n<p>Notre service traiteur s\u2019adresse aux <strong>particuliers et aux professionnels<\/strong> pour tous types d\u2019\u00e9v\u00e9nements :<br>repas d\u2019entreprise, anniversaires, r\u00e9unions, \u00e9v\u00e9nements associatifs ou familiaux.<\/p>\n\n\n\n<p>Nous proposons une cuisine <strong>100 % faite maison<\/strong>, <strong>g\u00e9n\u00e9reuse et savoureuse<\/strong>, \u00e9labor\u00e9e \u00e0 partir de <strong>produits frais et locaux<\/strong>, fid\u00e8le aux valeurs du Local.<br>Chaque prestation est <strong>personnalis\u00e9e<\/strong>, en fonction de vos envies, du nombre de convives et de votre budget.<\/p>\n\n\n\n<div class=\"wp-block-uagb-advanced-heading uagb-block-d0976767\"><h2 class=\"uagb-heading-text\">Les buffets<\/h2><\/div>\n\n\n\n<p class=\"has-text-align-center\">D\u00e9couvrez nos diff\u00e9rentes formules buffets<\/p>\n\n\n\n<div class=\"wp-block-uagb-buttons uagb-buttons__outer-wrap uagb-btn__default-btn uagb-btn-tablet__default-btn uagb-btn-mobile__default-btn uagb-block-ee21b448\"><div class=\"uagb-buttons__wrap uagb-buttons-layout-wrap \">\n<div class=\"wp-block-uagb-buttons-child uagb-buttons__outer-wrap uagb-block-920bc273 wp-block-button\"><div class=\"uagb-button__wrapper\"><a class=\"uagb-buttons-repeater wp-block-button__link\" aria-label=\"\" href=\"https:\/\/lelocal-tournefeuille.fr\/?page_id=737\" rel=\"follow noopener\" target=\"_self\" role=\"button\"><div class=\"uagb-button__link\">En savoir plus<\/div><\/a><\/div><\/div>\n<\/div><\/div>\n\n\n\n<div class=\"wp-block-uagb-image uagb-block-e50b73cd wp-block-uagb-image--layout-default wp-block-uagb-image--effect-static wp-block-uagb-image--align-none\"><figure class=\"wp-block-uagb-image__figure\"><img loading=\"lazy\" decoding=\"async\" srcset=\"https:\/\/lelocal-tournefeuille.fr\/wp-content\/uploads\/2026\/01\/plateau_bouchees_compresse-683x1024.jpg ,https:\/\/lelocal-tournefeuille.fr\/wp-content\/uploads\/2026\/01\/plateau_bouchees_compresse-e1768317858568.jpg 780w, https:\/\/lelocal-tournefeuille.fr\/wp-content\/uploads\/2026\/01\/plateau_bouchees_compresse-e1768317858568.jpg 360w\" sizes=\"auto, (max-width: 480px) 150px\" src=\"https:\/\/lelocal-tournefeuille.fr\/wp-content\/uploads\/2026\/01\/plateau_bouchees_compresse-683x1024.jpg\" alt=\"\" class=\"uag-image-731\" width=\"298\" height=\"447\" title=\"plateau_bouchees_compresse\" loading=\"lazy\" role=\"img\"\/><\/figure><\/div>\n\n\n\n<div class=\"wp-block-uagb-container uagb-block-a7a7fc03\"><\/div>\n\n\n\n<div class=\"wp-block-uagb-advanced-heading uagb-block-f9d3ab80\"><h2 class=\"uagb-heading-text\">Les plats \u00e0 emporter<\/h2><\/div>\n\n\n\n<p class=\"has-text-align-center\">D\u00e9couvrez nos diff\u00e9rents plats sur demande et disponibles \u00e0 l&rsquo;\u00e9picerie<\/p>\n\n\n\n<div class=\"wp-block-uagb-buttons uagb-buttons__outer-wrap uagb-btn__default-btn uagb-btn-tablet__default-btn uagb-btn-mobile__large-btn uagb-block-9446f5e1\"><div class=\"uagb-buttons__wrap uagb-buttons-layout-wrap \">\n<div class=\"wp-block-uagb-buttons-child uagb-buttons__outer-wrap uagb-block-6da59fe0 wp-block-button\"><div class=\"uagb-button__wrapper\"><a class=\"uagb-buttons-repeater wp-block-button__link\" aria-label=\"\" href=\"https:\/\/lelocal-tournefeuille.fr\/?page_id=754\" rel=\"follow noopener\" target=\"_self\" role=\"button\"><div class=\"uagb-button__link\">A la demande<\/div><\/a><\/div><\/div>\n\n\n\n<div class=\"wp-block-uagb-buttons-child uagb-buttons__outer-wrap uagb-block-59c83046 wp-block-button\"><div class=\"uagb-button__wrapper\"><a class=\"uagb-buttons-repeater wp-block-button__link\" aria-label=\"\" href=\"https:\/\/lelocal-tournefeuille.fr\/?page_id=69\" rel=\"follow noopener\" target=\"_self\" role=\"button\"><div class=\"uagb-button__link\">Disponible maintenant<\/div><\/a><\/div><\/div>\n<\/div><\/div>\n\n\n\n<div class=\"wp-block-uagb-image uagb-block-86bbe838 wp-block-uagb-image--layout-default wp-block-uagb-image--effect-static wp-block-uagb-image--align-none\"><figure class=\"wp-block-uagb-image__figure\"><img loading=\"lazy\" decoding=\"async\" srcset=\"https:\/\/lelocal-tournefeuille.fr\/wp-content\/uploads\/2026\/01\/ChatGPT-Image-5-janv.-2026-14_40_25-1-1024x683.png ,https:\/\/lelocal-tournefeuille.fr\/wp-content\/uploads\/2026\/01\/ChatGPT-Image-5-janv.-2026-14_40_25-1.png 780w, https:\/\/lelocal-tournefeuille.fr\/wp-content\/uploads\/2026\/01\/ChatGPT-Image-5-janv.-2026-14_40_25-1.png 360w\" sizes=\"auto, (max-width: 480px) 150px\" src=\"https:\/\/lelocal-tournefeuille.fr\/wp-content\/uploads\/2026\/01\/ChatGPT-Image-5-janv.-2026-14_40_25-1-1024x683.png\" alt=\"\" class=\"uag-image-658\" width=\"391\" height=\"260\" title=\"ChatGPT Image 5 janv. 2026, 14_40_25 (1)\" loading=\"lazy\" role=\"img\"\/><\/figure><\/div>\n\n\n\n<div class=\"wp-block-uagb-container uagb-block-d94fe19c\"><\/div>\n\n\n\n<div class=\"wp-block-uagb-advanced-heading uagb-block-12566f45\"><h2 class=\"uagb-heading-text\">Traiteur \u00e0 la carte<\/h2><\/div>\n\n\n\n<p class=\"has-text-align-center\">D\u00e9couvrez notre carte traiteur pour toutes demande particuli\u00e8res<\/p>\n\n\n\n<div class=\"wp-block-uagb-buttons uagb-buttons__outer-wrap uagb-btn__default-btn uagb-btn-tablet__default-btn uagb-btn-mobile__default-btn uagb-block-58af1e25\"><div class=\"uagb-buttons__wrap uagb-buttons-layout-wrap \">\n<div class=\"wp-block-uagb-buttons-child uagb-buttons__outer-wrap uagb-block-86a4fa30 wp-block-button\"><div class=\"uagb-button__wrapper\"><a class=\"uagb-buttons-repeater wp-block-button__link\" aria-label=\"\" href=\"https:\/\/lelocal-tournefeuille.fr\/?page_id=774\" rel=\"follow noopener\" target=\"_self\" role=\"button\"><div class=\"uagb-button__link\">En savoir plus<\/div><\/a><\/div><\/div>\n<\/div><\/div>\n\n\n\n<div class=\"wp-block-uagb-image uagb-block-085e6d44 wp-block-uagb-image--layout-default wp-block-uagb-image--effect-static wp-block-uagb-image--align-none\"><figure class=\"wp-block-uagb-image__figure\"><img loading=\"lazy\" decoding=\"async\" srcset=\"https:\/\/lelocal-tournefeuille.fr\/wp-content\/uploads\/2025\/11\/traii-1-1024x683.png ,https:\/\/lelocal-tournefeuille.fr\/wp-content\/uploads\/2025\/11\/traii-1.png 780w, https:\/\/lelocal-tournefeuille.fr\/wp-content\/uploads\/2025\/11\/traii-1.png 360w\" sizes=\"auto, (max-width: 480px) 150px\" src=\"https:\/\/lelocal-tournefeuille.fr\/wp-content\/uploads\/2025\/11\/traii-1-1024x683.png\" alt=\"\" class=\"uag-image-598\" width=\"708\" height=\"472\" title=\"traii (1)\" loading=\"lazy\" role=\"img\"\/><\/figure><\/div>\n\n\n\n<hr class=\"wp-block-separator has-alpha-channel-opacity\"\/>\n\n\n\n<h3 class=\"wp-block-heading has-bangers-font-family has-large-font-size\" style=\"letter-spacing:2px\"><strong>Un fonctionnement simple et flexible<\/strong><\/h3>\n\n\n\n<p>La majorit\u00e9 des commandes traiteur sont <strong>pr\u00e9par\u00e9es \u00e0 l\u2019avance<\/strong> et <strong>r\u00e9cup\u00e9r\u00e9es directement en boutique<\/strong>, pendant nos <strong>horaires d\u2019ouverture<\/strong>.<br>C\u2019est la solution id\u00e9ale pour garantir fra\u00eecheur, qualit\u00e9 et simplicit\u00e9 d\u2019organisation.<\/p>\n\n\n\n<p>Pour les \u00e9v\u00e9nements n\u00e9cessitant une <strong>livraison en dehors des horaires de la boutique<\/strong> (samedi soir, dimanche ou cr\u00e9neaux sp\u00e9cifiques), ce service est <strong>possible sur demande<\/strong> et fait l\u2019objet d\u2019une <strong>facturation suppl\u00e9mentaire<\/strong>.<\/p>\n\n\n\n<hr class=\"wp-block-separator has-alpha-channel-opacity\"\/>\n\n\n\n<h3 class=\"wp-block-heading has-bangers-font-family has-large-font-size\" style=\"letter-spacing:2px\"><strong>Pourquoi choisir notre service traiteur ?<\/strong><\/h3>\n\n\n\n<ul class=\"wp-block-list\">\n<li>Cuisine <strong>100 % maison<\/strong><\/li>\n\n\n\n<li>Plats <strong>g\u00e9n\u00e9reux et savoureux<\/strong><\/li>\n\n\n\n<li><strong>Produits frais et locaux<\/strong><\/li>\n\n\n\n<li>Prestations <strong>personnalis\u00e9es<\/strong><\/li>\n\n\n\n<li>Organisation <strong>simple et transparente<\/strong><\/li>\n\n\n\n<li>\u00c9quipe <strong>conviviale et \u00e0 l\u2019\u00e9coute<\/strong><\/li>\n<\/ul>\n\n\n\n<h2 class=\"wp-block-heading\"><strong>A savoir avant de r\u00e9server<\/strong><\/h2>\n\n\n\n<ul class=\"wp-block-list\">\n<li>Nous ne pouvons pas faire de service le dimanche, les plats doivent \u00eatre r\u00e9cup\u00e9r\u00e9s du lundi 11h au samedi 13h.<\/li>\n\n\n\n<li>Les plats seront \u00e0 r\u00e9chauffer par vos soins.<\/li>\n\n\n\n<li>Pour une question d\u2019organisation, les devis devront \u00eatre sign\u00e9s 1 semaine \u00e0 l\u2019avance.<\/li>\n\n\n\n<li>La livraison est possible, sous r\u00e9serve de disponibilit\u00e9 du personnel, pour un suppl\u00e9ment de 15 \u20ac.<\/li>\n<\/ul>\n\n\n\n<p><\/p>\n\n\n\n<p><\/p>\n\n\n\n<hr class=\"wp-block-separator has-alpha-channel-opacity\"\/>\n\n\n\n<h3 class=\"wp-block-heading has-bangers-font-family has-large-font-size\" style=\"letter-spacing:2px\"><strong>Comment \u00e7a marche ?<\/strong><\/h3>\n\n\n\n<ol class=\"wp-block-list\">\n<li>Demandez un devis <\/li>\n\n\n\n<li>Nous \u00e9changeons sur votre \u00e9v\u00e9nement<\/li>\n\n\n\n<li>Nous construisons ensemble le menu adapt\u00e9<\/li>\n\n\n\n<li>Vous r\u00e9cup\u00e9rez votre commande en boutique<br><em>(ou livraison sur demande)<\/em><\/li>\n<\/ol>\n<\/div>\n\n\n\n<div data-block-name=\"woocommerce\/accordion-group\" data-wp-context=\"{&quot;autoclose&quot;:false,&quot;isOpen&quot;:[]}\" data-wp-interactive=\"woocommerce\/accordion\" class=\"wp-block-woocommerce-accordion-group is-layout-flow wp-block-woocommerce-accordion-group-is-layout-flow\">\n<div data-block-name=\"woocommerce\/accordion-item\" class=\"wp-block-woocommerce-accordion-item is-layout-flow wp-block-woocommerce-accordion-item-is-layout-flow\">\n<div data-block-name=\"woocommerce\/accordion-panel\" data-is-selected=\"true\" class=\"wp-block-woocommerce-accordion-panel\"><div class=\"accordion-content__wrapper is-layout-flow wp-block-woocommerce-accordion-panel-is-layout-flow\">\n<p><\/p>\n<\/div><\/div>\n<\/div>\n\n\n\n<div data-block-name=\"woocommerce\/accordion-item\" class=\"wp-block-woocommerce-accordion-item is-layout-flow wp-block-woocommerce-accordion-item-is-layout-flow\">\n<div data-block-name=\"woocommerce\/accordion-panel\" data-is-selected=\"true\" class=\"wp-block-woocommerce-accordion-panel\"><div class=\"accordion-content__wrapper is-layout-flow wp-block-woocommerce-accordion-panel-is-layout-flow\">\n<p><\/p>\n<\/div><\/div>\n<\/div>\n<\/div>\n","protected":false},"excerpt":{"rendered":"<p>Traiteur et \u00e9v\u00e8nement Une cuisine maison pour vos \u00e9v\u00e9nements Notre service traiteur s\u2019adresse aux particuliers et aux professionnels pour tous types d\u2019\u00e9v\u00e9nements :repas d\u2019entreprise, anniversaires, r\u00e9unions, \u00e9v\u00e9nements associatifs ou familiaux. Nous proposons une cuisine 100 % faite maison, g\u00e9n\u00e9reuse et savoureuse, \u00e9labor\u00e9e \u00e0 partir de produits frais et locaux, fid\u00e8le aux valeurs du Local.Chaque prestation [&hellip;]<\/p>\n","protected":false},"author":2,"featured_media":0,"parent":0,"menu_order":0,"comment_status":"closed","ping_status":"closed","template":"","meta":{"_uag_custom_page_level_css":"","_themeisle_gutenberg_block_has_review":false,"footnotes":""},"class_list":["post-18","page","type-page","status-publish","hentry"],"uagb_featured_image_src":{"full":false,"thumbnail":false,"medium":false,"medium_large":false,"large":false,"1536x1536":false,"2048x2048":false,"woocommerce_thumbnail":false,"woocommerce_single":false,"woocommerce_gallery_thumbnail":false},"uagb_author_info":{"display_name":"bruno caparros","author_link":"https:\/\/lelocal-tournefeuille.fr\/?author=2"},"uagb_comment_info":0,"uagb_excerpt":"Traiteur et \u00e9v\u00e8nement Une cuisine maison pour vos \u00e9v\u00e9nements Notre service traiteur s\u2019adresse aux particuliers et aux professionnels pour tous types d\u2019\u00e9v\u00e9nements :repas d\u2019entreprise, anniversaires, r\u00e9unions, \u00e9v\u00e9nements associatifs ou familiaux. Nous proposons une cuisine 100 % faite maison, g\u00e9n\u00e9reuse et savoureuse, \u00e9labor\u00e9e \u00e0 partir de produits frais et locaux, fid\u00e8le aux valeurs du Local.Chaque prestation\u2026","jetpack_sharing_enabled":true,"_links":{"self":[{"href":"https:\/\/lelocal-tournefeuille.fr\/index.php?rest_route=\/wp\/v2\/pages\/18","targetHints":{"allow":["GET"]}}],"collection":[{"href":"https:\/\/lelocal-tournefeuille.fr\/index.php?rest_route=\/wp\/v2\/pages"}],"about":[{"href":"https:\/\/lelocal-tournefeuille.fr\/index.php?rest_route=\/wp\/v2\/types\/page"}],"author":[{"embeddable":true,"href":"https:\/\/lelocal-tournefeuille.fr\/index.php?rest_route=\/wp\/v2\/users\/2"}],"replies":[{"embeddable":true,"href":"https:\/\/lelocal-tournefeuille.fr\/index.php?rest_route=%2Fwp%2Fv2%2Fcomments&post=18"}],"version-history":[{"count":25,"href":"https:\/\/lelocal-tournefeuille.fr\/index.php?rest_route=\/wp\/v2\/pages\/18\/revisions"}],"predecessor-version":[{"id":828,"href":"https:\/\/lelocal-tournefeuille.fr\/index.php?rest_route=\/wp\/v2\/pages\/18\/revisions\/828"}],"wp:attachment":[{"href":"https:\/\/lelocal-tournefeuille.fr\/index.php?rest_route=%2Fwp%2Fv2%2Fmedia&parent=18"}],"curies":[{"name":"wp","href":"https:\/\/api.w.org\/{rel}","templated":true}]}}