{"id":615,"date":"2025-12-23T09:48:20","date_gmt":"2025-12-23T08:48:20","guid":{"rendered":"https:\/\/lelocal-tournefeuille.fr\/?page_id=615"},"modified":"2026-01-15T11:10:31","modified_gmt":"2026-01-15T10:10:31","slug":"demandez-un-devis","status":"publish","type":"page","link":"https:\/\/lelocal-tournefeuille.fr\/?page_id=615","title":{"rendered":"Demandez un devis"},"content":{"rendered":"\n<div class=\"wp-block-uagb-advanced-heading uagb-block-6c183c18\"><h2 class=\"uagb-heading-text\">Demander un devis<\/h2><\/div>\n\n\n\n<p>Vous avez un \u00e9v\u00e9nement \u00e0 organiser ?<br>Nous vous accompagnons pour construire une <strong>prestation traiteur ou food truck sur mesure<\/strong>, adapt\u00e9e \u00e0 vos besoins, \u00e0 vos envies et \u00e0 votre budget.<\/p>\n\n\n\n<p>Afin de pouvoir vous proposer un <strong>devis pr\u00e9cis et personnalis\u00e9<\/strong>, merci de compl\u00e9ter le formulaire ci-dessous :<\/p>\n\n\n<div class=\"wp-block-jetpack-contact-form is-layout-flex wp-container-jetpack-contact-form-is-layout-2b4208ba wp-block-jetpack-contact-form-is-layout-flex\"><a href=\"https:\/\/lelocal-tournefeuille.fr\/?page_id=615\" target=\"_blank\" rel=\"noopener noreferrer\">Soumettre un formulaire.<\/a><\/div>","protected":false},"excerpt":{"rendered":"<p>Demander un devis Vous avez un \u00e9v\u00e9nement \u00e0 organiser ?Nous vous accompagnons pour construire une prestation traiteur ou food truck sur mesure, adapt\u00e9e \u00e0 vos besoins, \u00e0 vos envies et \u00e0 votre budget. Afin de pouvoir vous proposer un devis pr\u00e9cis et personnalis\u00e9, merci de compl\u00e9ter le formulaire ci-dessous :<\/p>\n","protected":false},"author":2,"featured_media":0,"parent":0,"menu_order":0,"comment_status":"closed","ping_status":"closed","template":"","meta":{"_uag_custom_page_level_css":"","_themeisle_gutenberg_block_has_review":false,"footnotes":""},"class_list":["post-615","page","type-page","status-publish","hentry"],"uagb_featured_image_src":{"full":false,"thumbnail":false,"medium":false,"medium_large":false,"large":false,"1536x1536":false,"2048x2048":false,"woocommerce_thumbnail":false,"woocommerce_single":false,"woocommerce_gallery_thumbnail":false},"uagb_author_info":{"display_name":"bruno caparros","author_link":"https:\/\/lelocal-tournefeuille.fr\/?author=2"},"uagb_comment_info":0,"uagb_excerpt":"Demander un devis Vous avez un \u00e9v\u00e9nement \u00e0 organiser ?Nous vous accompagnons pour construire une prestation traiteur ou food truck sur mesure, adapt\u00e9e \u00e0 vos besoins, \u00e0 vos envies et \u00e0 votre budget. Afin de pouvoir vous proposer un devis pr\u00e9cis et personnalis\u00e9, merci de compl\u00e9ter le formulaire ci-dessous :","jetpack_sharing_enabled":true,"_links":{"self":[{"href":"https:\/\/lelocal-tournefeuille.fr\/index.php?rest_route=\/wp\/v2\/pages\/615","targetHints":{"allow":["GET"]}}],"collection":[{"href":"https:\/\/lelocal-tournefeuille.fr\/index.php?rest_route=\/wp\/v2\/pages"}],"about":[{"href":"https:\/\/lelocal-tournefeuille.fr\/index.php?rest_route=\/wp\/v2\/types\/page"}],"author":[{"embeddable":true,"href":"https:\/\/lelocal-tournefeuille.fr\/index.php?rest_route=\/wp\/v2\/users\/2"}],"replies":[{"embeddable":true,"href":"https:\/\/lelocal-tournefeuille.fr\/index.php?rest_route=%2Fwp%2Fv2%2Fcomments&post=615"}],"version-history":[{"count":8,"href":"https:\/\/lelocal-tournefeuille.fr\/index.php?rest_route=\/wp\/v2\/pages\/615\/revisions"}],"predecessor-version":[{"id":814,"href":"https:\/\/lelocal-tournefeuille.fr\/index.php?rest_route=\/wp\/v2\/pages\/615\/revisions\/814"}],"wp:attachment":[{"href":"https:\/\/lelocal-tournefeuille.fr\/index.php?rest_route=%2Fwp%2Fv2%2Fmedia&parent=615"}],"curies":[{"name":"wp","href":"https:\/\/api.w.org\/{rel}","templated":true}]}}