{"id":7,"date":"2025-10-24T22:46:22","date_gmt":"2025-10-24T20:46:22","guid":{"rendered":"http:\/\/lelocal-tournefeuille.fr\/?page_id=7"},"modified":"2025-11-04T18:36:36","modified_gmt":"2025-11-04T17:36:36","slug":"panier","status":"publish","type":"page","link":"https:\/\/lelocal-tournefeuille.fr\/?page_id=7","title":{"rendered":"Panier"},"content":{"rendered":"\n<div data-block-name=\"woocommerce\/cart\" class=\"wp-block-woocommerce-cart alignwide is-loading\">\n<div data-block-name=\"woocommerce\/filled-cart-block\" class=\"wp-block-woocommerce-filled-cart-block\">\n<div data-block-name=\"woocommerce\/cart-items-block\" class=\"wp-block-woocommerce-cart-items-block\">\n<div data-block-name=\"woocommerce\/cart-line-items-block\" class=\"wp-block-woocommerce-cart-line-items-block\"><\/div>\n\n\n<\/div>\n\n\n\n\n<div data-block-name=\"woocommerce\/cart-totals-block\" class=\"wp-block-woocommerce-cart-totals-block\">\n<div data-block-name=\"woocommerce\/cart-order-summary-block\" class=\"wp-block-woocommerce-cart-order-summary-block\">\n<div data-block-name=\"woocommerce\/cart-order-summary-heading-block\" class=\"wp-block-woocommerce-cart-order-summary-heading-block\"><\/div><div data-block-name=\"woocommerce\/cart-order-summary-coupon-form-block\" class=\"wp-block-woocommerce-cart-order-summary-coupon-form-block\"><\/div><div data-block-name=\"woocommerce\/cart-order-summary-totals-block\" class=\"wp-block-woocommerce-cart-order-summary-totals-block\">\n<div data-block-name=\"woocommerce\/cart-order-summary-subtotal-block\" class=\"wp-block-woocommerce-cart-order-summary-subtotal-block\"><\/div>\n<div data-block-name=\"woocommerce\/cart-order-summary-discount-block\" class=\"wp-block-woocommerce-cart-order-summary-discount-block\"><\/div>\n<div data-block-name=\"woocommerce\/cart-order-summary-fee-block\" class=\"wp-block-woocommerce-cart-order-summary-fee-block\"><\/div>\n<div data-block-name=\"woocommerce\/cart-order-summary-shipping-block\" class=\"wp-block-woocommerce-cart-order-summary-shipping-block\"><\/div>\n<div data-block-name=\"woocommerce\/cart-order-summary-taxes-block\" class=\"wp-block-woocommerce-cart-order-summary-taxes-block\"><\/div><\/div>\n<\/div>\n\n\n\n<div data-block-name=\"woocommerce\/cart-express-payment-block\" class=\"wp-block-woocommerce-cart-express-payment-block\"><\/div>\n\n\n\n<div data-block-name=\"woocommerce\/proceed-to-checkout-block\" class=\"wp-block-woocommerce-proceed-to-checkout-block\"><\/div>\n\n\n\n<div data-block-name=\"woocommerce\/cart-accepted-payment-methods-block\" class=\"wp-block-woocommerce-cart-accepted-payment-methods-block\"><\/div>\n<\/div>\n<\/div>\n\n\n\n<div data-block-name=\"woocommerce\/empty-cart-block\" class=\"wp-block-woocommerce-empty-cart-block\">\n<h2 class=\"wp-block-heading has-text-align-center with-empty-cart-icon wc-block-cart__empty-cart__title\">Votre panier est actuellement vide\u00a0!<\/h2>\n\n\n\n<hr class=\"wp-block-separator has-alpha-channel-opacity is-style-dots\"\/>\n\n\n\n<h2 class=\"wp-block-heading has-text-align-center\">Nouveau dans la boutique<\/h2>\n\n\n<div data-block-name=\"woocommerce\/product-new\" data-columns=\"4\" data-rows=\"1\" class=\"wc-block-grid wp-block-product-new wp-block-woocommerce-product-new wc-block-product-new has-4-columns\"><ul class=\"wc-block-grid__products\"><li class=\"wc-block-grid__product\">\n\t\t\t\t<a href=\"https:\/\/lelocal-tournefeuille.fr\/?product=dinde-facon-marengo-tagliatelle-et-legumes-rotis\" class=\"wc-block-grid__product-link\">\n\t\t\t\t\t\n\t\t\t\t\t<div class=\"wc-block-grid__product-image\"><img fetchpriority=\"high\" decoding=\"async\" width=\"300\" height=\"300\" src=\"https:\/\/lelocal-tournefeuille.fr\/wp-content\/uploads\/2026\/02\/ChatGPT-Image-16-fevr.-2026-09_49_51-1-300x300.png\" class=\"attachment-woocommerce_thumbnail size-woocommerce_thumbnail\" alt=\"Dinde fa\u00e7on marengo, tagliatelle et l\u00e9gumes r\u00f4tis\" srcset=\"https:\/\/lelocal-tournefeuille.fr\/wp-content\/uploads\/2026\/02\/ChatGPT-Image-16-fevr.-2026-09_49_51-1-300x300.png 300w, https:\/\/lelocal-tournefeuille.fr\/wp-content\/uploads\/2026\/02\/ChatGPT-Image-16-fevr.-2026-09_49_51-1-150x150.png 150w, https:\/\/lelocal-tournefeuille.fr\/wp-content\/uploads\/2026\/02\/ChatGPT-Image-16-fevr.-2026-09_49_51-1-768x768.png 768w, https:\/\/lelocal-tournefeuille.fr\/wp-content\/uploads\/2026\/02\/ChatGPT-Image-16-fevr.-2026-09_49_51-1-600x600.png 600w, https:\/\/lelocal-tournefeuille.fr\/wp-content\/uploads\/2026\/02\/ChatGPT-Image-16-fevr.-2026-09_49_51-1-100x100.png 100w, https:\/\/lelocal-tournefeuille.fr\/wp-content\/uploads\/2026\/02\/ChatGPT-Image-16-fevr.-2026-09_49_51-1.png 1024w\" sizes=\"(max-width: 300px) 100vw, 300px\" \/><\/div>\n\t\t\t\t\t<div class=\"wc-block-grid__product-title\">Dinde fa\u00e7on marengo, tagliatelle et l\u00e9gumes r\u00f4tis<\/div>\n\t\t\t\t<\/a>\n\t\t\t\t<div class=\"wc-block-grid__product-price price\"><span class=\"woocommerce-Price-amount amount\">9,00&nbsp;<span class=\"woocommerce-Price-currencySymbol\">&euro;<\/span><\/span><\/div>\n\t\t\t\t\n\t\t\t\t<div class=\"wp-block-button wc-block-grid__product-add-to-cart\"><a href=\"https:\/\/lelocal-tournefeuille.fr\/?product=dinde-facon-marengo-tagliatelle-et-legumes-rotis\" aria-label=\"Ajouter au panier\u00a0: &ldquo;Dinde fa\u00e7on marengo, tagliatelle et l\u00e9gumes r\u00f4tis&rdquo;\" data-quantity=\"1\" data-product_id=\"1362\" data-product_sku=\"\" data-price=\"9\" rel=\"nofollow\" class=\"wp-block-button__link wp-element-button add_to_cart_button\">Select options<\/a><\/div>\n\t\t\t<\/li><li class=\"wc-block-grid__product\">\n\t\t\t\t<a href=\"https:\/\/lelocal-tournefeuille.fr\/?product=arrancini-parmesan-champignon-creme-de-legume-courgettes-et-asperges-vertes-roties\" class=\"wc-block-grid__product-link\">\n\t\t\t\t\t\n\t\t\t\t\t<div class=\"wc-block-grid__product-image\"><img decoding=\"async\" width=\"300\" height=\"300\" src=\"https:\/\/lelocal-tournefeuille.fr\/wp-content\/uploads\/2026\/04\/ChatGPT-Image-20-avr.-2026-08_53_10-1-300x300.png\" class=\"attachment-woocommerce_thumbnail size-woocommerce_thumbnail\" alt=\"Arrancini parmesan champignon, cr\u00e8me de l\u00e9gume, courgettes et asperges vertes r\u00f4ties\" srcset=\"https:\/\/lelocal-tournefeuille.fr\/wp-content\/uploads\/2026\/04\/ChatGPT-Image-20-avr.-2026-08_53_10-1-300x300.png 300w, https:\/\/lelocal-tournefeuille.fr\/wp-content\/uploads\/2026\/04\/ChatGPT-Image-20-avr.-2026-08_53_10-1-150x150.png 150w, https:\/\/lelocal-tournefeuille.fr\/wp-content\/uploads\/2026\/04\/ChatGPT-Image-20-avr.-2026-08_53_10-1-100x100.png 100w\" sizes=\"(max-width: 300px) 100vw, 300px\" \/><\/div>\n\t\t\t\t\t<div class=\"wc-block-grid__product-title\">Arrancini parmesan champignon, cr\u00e8me de l\u00e9gume, courgettes et asperges vertes r\u00f4ties<\/div>\n\t\t\t\t<\/a>\n\t\t\t\t<div class=\"wc-block-grid__product-price price\"><span class=\"woocommerce-Price-amount amount\">9,00&nbsp;<span class=\"woocommerce-Price-currencySymbol\">&euro;<\/span><\/span><\/div>\n\t\t\t\t\n\t\t\t\t<div class=\"wp-block-button wc-block-grid__product-add-to-cart\"><a href=\"https:\/\/lelocal-tournefeuille.fr\/?product=arrancini-parmesan-champignon-creme-de-legume-courgettes-et-asperges-vertes-roties\" aria-label=\"Ajouter au panier\u00a0: &ldquo;Arrancini parmesan champignon, cr\u00e8me de l\u00e9gume, courgettes et asperges vertes r\u00f4ties&rdquo;\" data-quantity=\"1\" data-product_id=\"1360\" data-product_sku=\"\" data-price=\"9\" rel=\"nofollow\" class=\"wp-block-button__link wp-element-button add_to_cart_button\">Select options<\/a><\/div>\n\t\t\t<\/li><li class=\"wc-block-grid__product\">\n\t\t\t\t<a href=\"https:\/\/lelocal-tournefeuille.fr\/?product=ribs-confit-sauce-du-local-polenta-legumes-rotis\" class=\"wc-block-grid__product-link\">\n\t\t\t\t\t\n\t\t\t\t\t<div class=\"wc-block-grid__product-image\"><img decoding=\"async\" width=\"300\" height=\"300\" src=\"https:\/\/lelocal-tournefeuille.fr\/wp-content\/uploads\/2026\/04\/ChatGPT-Image-20-avr.-2026-08_45_14-1-300x300.png\" class=\"attachment-woocommerce_thumbnail size-woocommerce_thumbnail\" alt=\"Ribs confit sauce du Local, polenta l\u00e9gumes r\u00f4tis\" srcset=\"https:\/\/lelocal-tournefeuille.fr\/wp-content\/uploads\/2026\/04\/ChatGPT-Image-20-avr.-2026-08_45_14-1-300x300.png 300w, https:\/\/lelocal-tournefeuille.fr\/wp-content\/uploads\/2026\/04\/ChatGPT-Image-20-avr.-2026-08_45_14-1-150x150.png 150w, https:\/\/lelocal-tournefeuille.fr\/wp-content\/uploads\/2026\/04\/ChatGPT-Image-20-avr.-2026-08_45_14-1-100x100.png 100w\" sizes=\"(max-width: 300px) 100vw, 300px\" \/><\/div>\n\t\t\t\t\t<div class=\"wc-block-grid__product-title\">Ribs confit sauce du Local, polenta l\u00e9gumes r\u00f4tis<\/div>\n\t\t\t\t<\/a>\n\t\t\t\t<div class=\"wc-block-grid__product-price price\"><span class=\"woocommerce-Price-amount amount\">9,00&nbsp;<span class=\"woocommerce-Price-currencySymbol\">&euro;<\/span><\/span><\/div>\n\t\t\t\t\n\t\t\t\t<div class=\"wp-block-button wc-block-grid__product-add-to-cart\"><a href=\"https:\/\/lelocal-tournefeuille.fr\/?product=ribs-confit-sauce-du-local-polenta-legumes-rotis\" aria-label=\"Ajouter au panier\u00a0: &ldquo;Ribs confit sauce du Local, polenta l\u00e9gumes r\u00f4tis&rdquo;\" data-quantity=\"1\" data-product_id=\"1358\" data-product_sku=\"\" data-price=\"9\" rel=\"nofollow\" class=\"wp-block-button__link wp-element-button add_to_cart_button\">Select options<\/a><\/div>\n\t\t\t<\/li><li class=\"wc-block-grid__product\">\n\t\t\t\t<a href=\"https:\/\/lelocal-tournefeuille.fr\/?product=poulet-roti-label-rouge\" class=\"wc-block-grid__product-link\">\n\t\t\t\t\t\n\t\t\t\t\t<div class=\"wc-block-grid__product-image\"><img loading=\"lazy\" decoding=\"async\" width=\"300\" height=\"300\" src=\"https:\/\/lelocal-tournefeuille.fr\/wp-content\/uploads\/2026\/04\/Poulet-roti-dans-une-poele-en-fonte-1-1-300x300.png\" class=\"attachment-woocommerce_thumbnail size-woocommerce_thumbnail\" alt=\"Poulet r\u00f4ti Label rouge\" srcset=\"https:\/\/lelocal-tournefeuille.fr\/wp-content\/uploads\/2026\/04\/Poulet-roti-dans-une-poele-en-fonte-1-1-300x300.png 300w, https:\/\/lelocal-tournefeuille.fr\/wp-content\/uploads\/2026\/04\/Poulet-roti-dans-une-poele-en-fonte-1-1-1024x1024.png 1024w, https:\/\/lelocal-tournefeuille.fr\/wp-content\/uploads\/2026\/04\/Poulet-roti-dans-une-poele-en-fonte-1-1-150x150.png 150w, https:\/\/lelocal-tournefeuille.fr\/wp-content\/uploads\/2026\/04\/Poulet-roti-dans-une-poele-en-fonte-1-1-768x768.png 768w, https:\/\/lelocal-tournefeuille.fr\/wp-content\/uploads\/2026\/04\/Poulet-roti-dans-une-poele-en-fonte-1-1-600x600.png 600w, https:\/\/lelocal-tournefeuille.fr\/wp-content\/uploads\/2026\/04\/Poulet-roti-dans-une-poele-en-fonte-1-1-100x100.png 100w, https:\/\/lelocal-tournefeuille.fr\/wp-content\/uploads\/2026\/04\/Poulet-roti-dans-une-poele-en-fonte-1-1.png 1254w\" sizes=\"(max-width: 300px) 100vw, 300px\" \/><\/div>\n\t\t\t\t\t<div class=\"wc-block-grid__product-title\">Poulet r\u00f4ti Label rouge<\/div>\n\t\t\t\t<\/a>\n\t\t\t\t<div class=\"wc-block-grid__product-price price\"><span class=\"woocommerce-Price-amount amount\">19,00&nbsp;<span class=\"woocommerce-Price-currencySymbol\">&euro;<\/span><\/span><\/div>\n\t\t\t\t\n\t\t\t\t<div class=\"wp-block-button wc-block-grid__product-add-to-cart\"><a href=\"https:\/\/lelocal-tournefeuille.fr\/?product=poulet-roti-label-rouge\" aria-label=\"Ajouter au panier\u00a0: &ldquo;Poulet r\u00f4ti Label rouge&rdquo;\" data-quantity=\"1\" data-product_id=\"1316\" data-product_sku=\"\" data-price=\"19\" rel=\"nofollow\" class=\"wp-block-button__link wp-element-button add_to_cart_button\">Select options<\/a><\/div>\n\t\t\t<\/li><\/ul><\/div><\/div>\n<\/div>\n","protected":false},"excerpt":{"rendered":"","protected":false},"author":1,"featured_media":0,"parent":0,"menu_order":0,"comment_status":"closed","ping_status":"closed","template":"","meta":{"_uag_custom_page_level_css":"","_themeisle_gutenberg_block_has_review":false,"footnotes":""},"class_list":["post-7","page","type-page","status-publish","hentry"],"uagb_featured_image_src":{"full":false,"thumbnail":false,"medium":false,"medium_large":false,"large":false,"1536x1536":false,"2048x2048":false,"woocommerce_thumbnail":false,"woocommerce_single":false,"woocommerce_gallery_thumbnail":false},"uagb_author_info":{"display_name":"maxime","author_link":"https:\/\/lelocal-tournefeuille.fr\/?author=1"},"uagb_comment_info":0,"uagb_excerpt":null,"jetpack_sharing_enabled":true,"_links":{"self":[{"href":"https:\/\/lelocal-tournefeuille.fr\/index.php?rest_route=\/wp\/v2\/pages\/7","targetHints":{"allow":["GET"]}}],"collection":[{"href":"https:\/\/lelocal-tournefeuille.fr\/index.php?rest_route=\/wp\/v2\/pages"}],"about":[{"href":"https:\/\/lelocal-tournefeuille.fr\/index.php?rest_route=\/wp\/v2\/types\/page"}],"author":[{"embeddable":true,"href":"https:\/\/lelocal-tournefeuille.fr\/index.php?rest_route=\/wp\/v2\/users\/1"}],"replies":[{"embeddable":true,"href":"https:\/\/lelocal-tournefeuille.fr\/index.php?rest_route=%2Fwp%2Fv2%2Fcomments&post=7"}],"version-history":[{"count":1,"href":"https:\/\/lelocal-tournefeuille.fr\/index.php?rest_route=\/wp\/v2\/pages\/7\/revisions"}],"predecessor-version":[{"id":11,"href":"https:\/\/lelocal-tournefeuille.fr\/index.php?rest_route=\/wp\/v2\/pages\/7\/revisions\/11"}],"wp:attachment":[{"href":"https:\/\/lelocal-tournefeuille.fr\/index.php?rest_route=%2Fwp%2Fv2%2Fmedia&parent=7"}],"curies":[{"name":"wp","href":"https:\/\/api.w.org\/{rel}","templated":true}]}}