{"id":754,"date":"2026-01-14T11:19:43","date_gmt":"2026-01-14T10:19:43","guid":{"rendered":"https:\/\/lelocal-tournefeuille.fr\/?page_id=754"},"modified":"2026-01-15T11:48:36","modified_gmt":"2026-01-15T10:48:36","slug":"754-2","status":"publish","type":"page","link":"https:\/\/lelocal-tournefeuille.fr\/?page_id=754","title":{"rendered":"Les plats traiteurs"},"content":{"rendered":"\n<div class=\"wp-block-uagb-container uagb-block-f8fd83cb alignfull uagb-is-root-container\"><div class=\"uagb-container-inner-blocks-wrap\">\n<div class=\"wp-block-uagb-advanced-heading uagb-block-ad0b33e2\"><h2 class=\"uagb-heading-text\">Les plats traiteurs<\/h2><\/div>\n\n\n\n<p>Au quotidien, nous proposons en boutique des plats traiteurs faits maison, disponibles sur place, pr\u00eats \u00e0 \u00eatre r\u00e9chauff\u00e9s et d\u00e9gust\u00e9s !<\/p>\n\n\n\n<p>Pour vos \u00e9v\u00e9nements (repas de famille, anniversaires, f\u00eates, etc.), nous proposons une autre s\u00e9lection de plats, sp\u00e9cialement pens\u00e9s pour ce type de prestation.<br>Ces plats sont r\u00e9alis\u00e9s sur commande et pr\u00e9sent\u00e9s dans la carte ci-dessous.<\/p>\n\n\n\n<div class=\"wp-block-uagb-image uagb-block-39af59f8 wp-block-uagb-image--layout-default wp-block-uagb-image--effect-static wp-block-uagb-image--align-none\"><figure class=\"wp-block-uagb-image__figure\"><img loading=\"lazy\" decoding=\"async\" srcset=\"https:\/\/lelocal-tournefeuille.fr\/wp-content\/uploads\/2026\/01\/Menu-traiteur-Le-Local-2025-3-1-961x1024.png ,https:\/\/lelocal-tournefeuille.fr\/wp-content\/uploads\/2026\/01\/Menu-traiteur-Le-Local-2025-3-1.png 780w, https:\/\/lelocal-tournefeuille.fr\/wp-content\/uploads\/2026\/01\/Menu-traiteur-Le-Local-2025-3-1.png 360w\" sizes=\"auto, (max-width: 480px) 150px\" src=\"https:\/\/lelocal-tournefeuille.fr\/wp-content\/uploads\/2026\/01\/Menu-traiteur-Le-Local-2025-3-1-961x1024.png\" alt=\"\" class=\"uag-image-757\" width=\"961\" height=\"1024\" title=\"Menu traiteur Le Local 2025 (3)\" loading=\"lazy\" role=\"img\"\/><\/figure><\/div>\n\n\n\n<div class=\"wp-block-uagb-image uagb-block-e6f82b2f wp-block-uagb-image--layout-default wp-block-uagb-image--effect-static wp-block-uagb-image--align-none\"><figure class=\"wp-block-uagb-image__figure\"><img loading=\"lazy\" decoding=\"async\" srcset=\"https:\/\/lelocal-tournefeuille.fr\/wp-content\/uploads\/2026\/01\/Menu-traiteur-Le-Local-2025-5-954x1024.png ,https:\/\/lelocal-tournefeuille.fr\/wp-content\/uploads\/2026\/01\/Menu-traiteur-Le-Local-2025-5.png 780w, https:\/\/lelocal-tournefeuille.fr\/wp-content\/uploads\/2026\/01\/Menu-traiteur-Le-Local-2025-5.png 360w\" sizes=\"auto, (max-width: 480px) 150px\" src=\"https:\/\/lelocal-tournefeuille.fr\/wp-content\/uploads\/2026\/01\/Menu-traiteur-Le-Local-2025-5-954x1024.png\" alt=\"\" class=\"uag-image-758\" width=\"963\" height=\"1024\" title=\"Menu traiteur Le Local  2025 (5)\" loading=\"lazy\" role=\"img\"\/><\/figure><\/div>\n\n\n\n<h2 class=\"wp-block-heading\"><strong>A savoir avant de r\u00e9server<\/strong><\/h2>\n\n\n\n<ul class=\"wp-block-list\">\n<li>Nos tarifs sont valables pour une commande minimum de 10 personnes par plats.<\/li>\n\n\n\n<li>Nous ne pouvons pas faire de service le dimanche, les plats doivent \u00eatre r\u00e9cup\u00e9r\u00e9s du lundi 11h au samedi 13h.<\/li>\n\n\n\n<li>Les plats seront \u00e0 r\u00e9chauffer par vos soins.<\/li>\n\n\n\n<li>Pour une question d&rsquo;organisation, les devis devront \u00eatre sign\u00e9s 1 semaine \u00e0 l&rsquo;avance.<\/li>\n\n\n\n<li>La livraison est possible, sous r\u00e9serve de disponibilit\u00e9 du personnel, pour un suppl\u00e9ment de 15 \u20ac.<\/li>\n<\/ul>\n\n\n\n<div class=\"wp-block-uagb-buttons uagb-buttons__outer-wrap uagb-btn__default-btn uagb-btn-tablet__default-btn uagb-btn-mobile__default-btn uagb-block-1dfcde9f\"><div class=\"uagb-buttons__wrap uagb-buttons-layout-wrap \">\n<div class=\"wp-block-uagb-buttons-child uagb-buttons__outer-wrap uagb-block-ac645282 wp-block-button\"><div class=\"uagb-button__wrapper\"><a class=\"uagb-buttons-repeater wp-block-button__link\" aria-label=\"\" href=\"https:\/\/lelocal-tournefeuille.fr\/?page_id=803\" rel=\"follow noopener\" target=\"_self\" role=\"button\"><div class=\"uagb-button__link\">Demande de devis<\/div><\/a><\/div><\/div>\n<\/div><\/div>\n<\/div><\/div>\n","protected":false},"excerpt":{"rendered":"<p>Les plats traiteurs Au quotidien, nous proposons en boutique des plats traiteurs faits maison, disponibles sur place, pr\u00eats \u00e0 \u00eatre r\u00e9chauff\u00e9s et d\u00e9gust\u00e9s ! Pour vos \u00e9v\u00e9nements (repas de famille, anniversaires, f\u00eates, etc.), nous proposons une autre s\u00e9lection de plats, sp\u00e9cialement pens\u00e9s pour ce type de prestation.Ces plats sont r\u00e9alis\u00e9s sur commande et pr\u00e9sent\u00e9s dans [&hellip;]<\/p>\n","protected":false},"author":2,"featured_media":0,"parent":0,"menu_order":0,"comment_status":"closed","ping_status":"closed","template":"","meta":{"_uag_custom_page_level_css":"","_themeisle_gutenberg_block_has_review":false,"footnotes":""},"class_list":["post-754","page","type-page","status-publish","hentry"],"uagb_featured_image_src":{"full":false,"thumbnail":false,"medium":false,"medium_large":false,"large":false,"1536x1536":false,"2048x2048":false,"woocommerce_thumbnail":false,"woocommerce_single":false,"woocommerce_gallery_thumbnail":false},"uagb_author_info":{"display_name":"bruno caparros","author_link":"https:\/\/lelocal-tournefeuille.fr\/?author=2"},"uagb_comment_info":0,"uagb_excerpt":"Les plats traiteurs Au quotidien, nous proposons en boutique des plats traiteurs faits maison, disponibles sur place, pr\u00eats \u00e0 \u00eatre r\u00e9chauff\u00e9s et d\u00e9gust\u00e9s ! Pour vos \u00e9v\u00e9nements (repas de famille, anniversaires, f\u00eates, etc.), nous proposons une autre s\u00e9lection de plats, sp\u00e9cialement pens\u00e9s pour ce type de prestation.Ces plats sont r\u00e9alis\u00e9s sur commande et pr\u00e9sent\u00e9s dans\u2026","jetpack_sharing_enabled":true,"_links":{"self":[{"href":"https:\/\/lelocal-tournefeuille.fr\/index.php?rest_route=\/wp\/v2\/pages\/754","targetHints":{"allow":["GET"]}}],"collection":[{"href":"https:\/\/lelocal-tournefeuille.fr\/index.php?rest_route=\/wp\/v2\/pages"}],"about":[{"href":"https:\/\/lelocal-tournefeuille.fr\/index.php?rest_route=\/wp\/v2\/types\/page"}],"author":[{"embeddable":true,"href":"https:\/\/lelocal-tournefeuille.fr\/index.php?rest_route=\/wp\/v2\/users\/2"}],"replies":[{"embeddable":true,"href":"https:\/\/lelocal-tournefeuille.fr\/index.php?rest_route=%2Fwp%2Fv2%2Fcomments&post=754"}],"version-history":[{"count":6,"href":"https:\/\/lelocal-tournefeuille.fr\/index.php?rest_route=\/wp\/v2\/pages\/754\/revisions"}],"predecessor-version":[{"id":830,"href":"https:\/\/lelocal-tournefeuille.fr\/index.php?rest_route=\/wp\/v2\/pages\/754\/revisions\/830"}],"wp:attachment":[{"href":"https:\/\/lelocal-tournefeuille.fr\/index.php?rest_route=%2Fwp%2Fv2%2Fmedia&parent=754"}],"curies":[{"name":"wp","href":"https:\/\/api.w.org\/{rel}","templated":true}]}}