{"id":774,"date":"2026-01-14T14:31:57","date_gmt":"2026-01-14T13:31:57","guid":{"rendered":"https:\/\/lelocal-tournefeuille.fr\/?page_id=774"},"modified":"2026-01-15T11:36:56","modified_gmt":"2026-01-15T10:36:56","slug":"774-2","status":"publish","type":"page","link":"https:\/\/lelocal-tournefeuille.fr\/?page_id=774","title":{"rendered":"A la carte"},"content":{"rendered":"\n<div class=\"wp-block-uagb-container uagb-block-6ec84831 alignfull uagb-is-root-container\"><div class=\"uagb-container-inner-blocks-wrap\">\n<div class=\"wp-block-uagb-advanced-heading uagb-block-90ded4ac\"><h2 class=\"uagb-heading-text\">Traiteur \u00e0 la carte<\/h2><\/div>\n\n\n\n<p>Retrouvez ici notre offre <strong>\u00e0 la carte<\/strong>, avec des pr\u00e9parations faites maison, disponibles sur commande selon vos besoins.<\/p>\n\n\n\n<div class=\"wp-block-uagb-image uagb-block-dfa8ee7c wp-block-uagb-image--layout-default wp-block-uagb-image--effect-static wp-block-uagb-image--align-none\"><figure class=\"wp-block-uagb-image__figure\"><img loading=\"lazy\" decoding=\"async\" srcset=\"https:\/\/lelocal-tournefeuille.fr\/wp-content\/uploads\/2026\/01\/Menu-traiteur-Le-Local-2025-6-850x1024.png ,https:\/\/lelocal-tournefeuille.fr\/wp-content\/uploads\/2026\/01\/Menu-traiteur-Le-Local-2025-6.png 780w, https:\/\/lelocal-tournefeuille.fr\/wp-content\/uploads\/2026\/01\/Menu-traiteur-Le-Local-2025-6.png 360w\" sizes=\"auto, (max-width: 480px) 150px\" src=\"https:\/\/lelocal-tournefeuille.fr\/wp-content\/uploads\/2026\/01\/Menu-traiteur-Le-Local-2025-6-850x1024.png\" alt=\"\" class=\"uag-image-776\" width=\"1414\" height=\"1704\" title=\"Menu traiteur Le Local  2025 (6)\" loading=\"lazy\" role=\"img\"\/><\/figure><\/div>\n\n\n\n<div class=\"wp-block-uagb-image uagb-block-9b8ae134 wp-block-uagb-image--layout-default wp-block-uagb-image--effect-static wp-block-uagb-image--align-none\"><figure class=\"wp-block-uagb-image__figure\"><img loading=\"lazy\" decoding=\"async\" srcset=\"https:\/\/lelocal-tournefeuille.fr\/wp-content\/uploads\/2026\/01\/Menu-traiteur-Le-Local-2025-7-1012x1024.png ,https:\/\/lelocal-tournefeuille.fr\/wp-content\/uploads\/2026\/01\/Menu-traiteur-Le-Local-2025-7.png 780w, https:\/\/lelocal-tournefeuille.fr\/wp-content\/uploads\/2026\/01\/Menu-traiteur-Le-Local-2025-7.png 360w\" sizes=\"auto, (max-width: 480px) 150px\" src=\"https:\/\/lelocal-tournefeuille.fr\/wp-content\/uploads\/2026\/01\/Menu-traiteur-Le-Local-2025-7-1012x1024.png\" alt=\"\" class=\"uag-image-775\" width=\"1414\" height=\"1431\" title=\"Menu traiteur Le Local  2025 (7)\" loading=\"lazy\" role=\"img\"\/><\/figure><\/div>\n<\/div><\/div>\n\n\n\n<h2 class=\"wp-block-heading\"><strong>\u00c0 savoir avant de r\u00e9server<\/strong><\/h2>\n\n\n\n<ul class=\"wp-block-list\">\n<li>Nous ne pouvons pas faire de service le dimanche, les plats doivent \u00eatre r\u00e9cup\u00e9r\u00e9s du lundi 11h au samedi 13h.<\/li>\n\n\n\n<li>Les plats seront \u00e0 r\u00e9chauffer par vos soins.<\/li>\n\n\n\n<li>Pour une question d\u2019organisation, les devis devront \u00eatre sign\u00e9s 1 semaine \u00e0 l\u2019avance.<\/li>\n\n\n\n<li>La livraison est possible, sous r\u00e9serve de disponibilit\u00e9 du personnel, pour un suppl\u00e9ment de 15 \u20ac.<\/li>\n<\/ul>\n\n\n\n<div class=\"wp-block-uagb-buttons uagb-buttons__outer-wrap uagb-btn__default-btn uagb-btn-tablet__default-btn uagb-btn-mobile__default-btn uagb-block-60102031\"><div class=\"uagb-buttons__wrap uagb-buttons-layout-wrap \">\n<div class=\"wp-block-uagb-buttons-child uagb-buttons__outer-wrap uagb-block-82aa086b wp-block-button\"><div class=\"uagb-button__wrapper\"><a class=\"uagb-buttons-repeater wp-block-button__link\" aria-label=\"\" href=\"https:\/\/lelocal-tournefeuille.fr\/?page_id=817\" rel=\"follow noopener\" target=\"_self\" role=\"button\"><div class=\"uagb-button__link\">Demande de devis<\/div><\/a><\/div><\/div>\n<\/div><\/div>\n","protected":false},"excerpt":{"rendered":"<p>Traiteur \u00e0 la carte Retrouvez ici notre offre \u00e0 la carte, avec des pr\u00e9parations faites maison, disponibles sur commande selon vos besoins. \u00c0 savoir avant de r\u00e9server<\/p>\n","protected":false},"author":2,"featured_media":0,"parent":0,"menu_order":0,"comment_status":"closed","ping_status":"closed","template":"","meta":{"_uag_custom_page_level_css":"","_themeisle_gutenberg_block_has_review":false,"footnotes":""},"class_list":["post-774","page","type-page","status-publish","hentry"],"uagb_featured_image_src":{"full":false,"thumbnail":false,"medium":false,"medium_large":false,"large":false,"1536x1536":false,"2048x2048":false,"woocommerce_thumbnail":false,"woocommerce_single":false,"woocommerce_gallery_thumbnail":false},"uagb_author_info":{"display_name":"bruno caparros","author_link":"https:\/\/lelocal-tournefeuille.fr\/?author=2"},"uagb_comment_info":0,"uagb_excerpt":"Traiteur \u00e0 la carte Retrouvez ici notre offre \u00e0 la carte, avec des pr\u00e9parations faites maison, disponibles sur commande selon vos besoins. \u00c0 savoir avant de r\u00e9server","jetpack_sharing_enabled":true,"_links":{"self":[{"href":"https:\/\/lelocal-tournefeuille.fr\/index.php?rest_route=\/wp\/v2\/pages\/774","targetHints":{"allow":["GET"]}}],"collection":[{"href":"https:\/\/lelocal-tournefeuille.fr\/index.php?rest_route=\/wp\/v2\/pages"}],"about":[{"href":"https:\/\/lelocal-tournefeuille.fr\/index.php?rest_route=\/wp\/v2\/types\/page"}],"author":[{"embeddable":true,"href":"https:\/\/lelocal-tournefeuille.fr\/index.php?rest_route=\/wp\/v2\/users\/2"}],"replies":[{"embeddable":true,"href":"https:\/\/lelocal-tournefeuille.fr\/index.php?rest_route=%2Fwp%2Fv2%2Fcomments&post=774"}],"version-history":[{"count":7,"href":"https:\/\/lelocal-tournefeuille.fr\/index.php?rest_route=\/wp\/v2\/pages\/774\/revisions"}],"predecessor-version":[{"id":824,"href":"https:\/\/lelocal-tournefeuille.fr\/index.php?rest_route=\/wp\/v2\/pages\/774\/revisions\/824"}],"wp:attachment":[{"href":"https:\/\/lelocal-tournefeuille.fr\/index.php?rest_route=%2Fwp%2Fv2%2Fmedia&parent=774"}],"curies":[{"name":"wp","href":"https:\/\/api.w.org\/{rel}","templated":true}]}}