{"id":1193,"date":"2026-03-23T13:56:12","date_gmt":"2026-03-23T12:56:12","guid":{"rendered":"https:\/\/lelocal-tournefeuille.fr\/?post_type=product&#038;p=1193"},"modified":"2026-03-26T09:44:52","modified_gmt":"2026-03-26T08:44:52","slug":"poulet-roti-sauce-moutarde","status":"publish","type":"product","link":"https:\/\/lelocal-tournefeuille.fr\/?product=poulet-roti-sauce-moutarde","title":{"rendered":"Poulet r\u00f4ti sauce moutarde"},"content":{"rendered":"<p>Poulet r\u00f4ti et sauce \u00e0 la moutarde<\/p>\n","protected":false},"excerpt":{"rendered":"<p>Poulet r\u00f4ti du Gers, sauce \u00e0 la moutarde, garniture au choix selon la disponibilit\u00e9<\/p>\n<p>Visuel non contractuel<\/p>\n<p>Allerg\u00e8nes : Lactose, sulfite, moutarde<\/p>\n","protected":false},"featured_media":1194,"comment_status":"open","ping_status":"closed","template":"","meta":{"_uag_custom_page_level_css":"","_themeisle_gutenberg_block_has_review":false},"product_brand":[],"product_cat":[22],"product_tag":[],"class_list":{"0":"post-1193","1":"product","2":"type-product","3":"status-publish","4":"has-post-thumbnail","6":"product_cat-plat-traiteur","8":"first","9":"outofstock","10":"shipping-taxable","11":"purchasable","12":"product-type-simple"},"uagb_featured_image_src":{"full":["https:\/\/lelocal-tournefeuille.fr\/wp-content\/uploads\/2026\/03\/poulet_roti_moutarde_legumes_moins_2mo.jpg",1024,1536,false],"thumbnail":["https:\/\/lelocal-tournefeuille.fr\/wp-content\/uploads\/2026\/03\/poulet_roti_moutarde_legumes_moins_2mo-150x150.jpg",150,150,true],"medium":["https:\/\/lelocal-tournefeuille.fr\/wp-content\/uploads\/2026\/03\/poulet_roti_moutarde_legumes_moins_2mo-200x300.jpg",200,300,true],"medium_large":["https:\/\/lelocal-tournefeuille.fr\/wp-content\/uploads\/2026\/03\/poulet_roti_moutarde_legumes_moins_2mo-768x1152.jpg",768,1152,true],"large":["https:\/\/lelocal-tournefeuille.fr\/wp-content\/uploads\/2026\/03\/poulet_roti_moutarde_legumes_moins_2mo-683x1024.jpg",683,1024,true],"1536x1536":["https:\/\/lelocal-tournefeuille.fr\/wp-content\/uploads\/2026\/03\/poulet_roti_moutarde_legumes_moins_2mo.jpg",1024,1536,false],"2048x2048":["https:\/\/lelocal-tournefeuille.fr\/wp-content\/uploads\/2026\/03\/poulet_roti_moutarde_legumes_moins_2mo.jpg",1024,1536,false],"woocommerce_thumbnail":["https:\/\/lelocal-tournefeuille.fr\/wp-content\/uploads\/2026\/03\/poulet_roti_moutarde_legumes_moins_2mo-300x300.jpg",300,300,true],"woocommerce_single":["https:\/\/lelocal-tournefeuille.fr\/wp-content\/uploads\/2026\/03\/poulet_roti_moutarde_legumes_moins_2mo-600x900.jpg",600,900,true],"woocommerce_gallery_thumbnail":["https:\/\/lelocal-tournefeuille.fr\/wp-content\/uploads\/2026\/03\/poulet_roti_moutarde_legumes_moins_2mo-100x100.jpg",100,100,true]},"uagb_author_info":{"display_name":"bruno caparros","author_link":"https:\/\/lelocal-tournefeuille.fr\/?author=0"},"uagb_comment_info":0,"uagb_excerpt":"Poulet r\u00f4ti du Gers, sauce \u00e0 la moutarde, garniture au choix selon la disponibilit\u00e9 Visuel non contractuel Allerg\u00e8nes : Lactose, sulfite, moutarde","jetpack_sharing_enabled":true,"_links":{"self":[{"href":"https:\/\/lelocal-tournefeuille.fr\/index.php?rest_route=\/wp\/v2\/product\/1193","targetHints":{"allow":["GET"]}}],"collection":[{"href":"https:\/\/lelocal-tournefeuille.fr\/index.php?rest_route=\/wp\/v2\/product"}],"about":[{"href":"https:\/\/lelocal-tournefeuille.fr\/index.php?rest_route=\/wp\/v2\/types\/product"}],"replies":[{"embeddable":true,"href":"https:\/\/lelocal-tournefeuille.fr\/index.php?rest_route=%2Fwp%2Fv2%2Fcomments&post=1193"}],"wp:featuredmedia":[{"embeddable":true,"href":"https:\/\/lelocal-tournefeuille.fr\/index.php?rest_route=\/wp\/v2\/media\/1194"}],"wp:attachment":[{"href":"https:\/\/lelocal-tournefeuille.fr\/index.php?rest_route=%2Fwp%2Fv2%2Fmedia&parent=1193"}],"wp:term":[{"taxonomy":"product_brand","embeddable":true,"href":"https:\/\/lelocal-tournefeuille.fr\/index.php?rest_route=%2Fwp%2Fv2%2Fproduct_brand&post=1193"},{"taxonomy":"product_cat","embeddable":true,"href":"https:\/\/lelocal-tournefeuille.fr\/index.php?rest_route=%2Fwp%2Fv2%2Fproduct_cat&post=1193"},{"taxonomy":"product_tag","embeddable":true,"href":"https:\/\/lelocal-tournefeuille.fr\/index.php?rest_route=%2Fwp%2Fv2%2Fproduct_tag&post=1193"}],"curies":[{"name":"wp","href":"https:\/\/api.w.org\/{rel}","templated":true}]}}