{"id":1199,"date":"2026-03-23T14:18:01","date_gmt":"2026-03-23T13:18:01","guid":{"rendered":"https:\/\/lelocal-tournefeuille.fr\/?post_type=product&#038;p=1199"},"modified":"2026-04-20T20:25:31","modified_gmt":"2026-04-20T18:25:31","slug":"chili-sin-carne-vegetarien","status":"publish","type":"product","link":"https:\/\/lelocal-tournefeuille.fr\/?product=chili-sin-carne-vegetarien","title":{"rendered":"Gratin de gnocchi ricotta courgette"},"content":{"rendered":"<p>Plat de Gnocchi, courgettes grill\u00e9es et ricotta gratin\u00e9 au four<\/p>\n","protected":false},"excerpt":{"rendered":"<p>Plat de Gnocchi, courgettes grill\u00e9es et ricotta gratin\u00e9 au four<\/p>\n<p>Servi avec l\u00e9gumes r\u00f4tis et champignons grill\u00e9s<\/p>\n<p>Visuel non contractuel<\/p>\n<p>Allerg\u00e8nes : lactose, gluten,<\/p>\n","protected":false},"featured_media":1355,"comment_status":"open","ping_status":"closed","template":"","meta":{"_uag_custom_page_level_css":"","_themeisle_gutenberg_block_has_review":false},"product_brand":[],"product_cat":[22],"product_tag":[],"class_list":{"0":"post-1199","1":"product","2":"type-product","3":"status-publish","4":"has-post-thumbnail","6":"product_cat-plat-traiteur","8":"first","9":"instock","10":"shipping-taxable","11":"purchasable","12":"product-type-simple"},"uagb_featured_image_src":{"full":["https:\/\/lelocal-tournefeuille.fr\/wp-content\/uploads\/2026\/03\/ChatGPT-Image-20-avr.-2026-08_30_13-1.png",1024,1536,false],"thumbnail":["https:\/\/lelocal-tournefeuille.fr\/wp-content\/uploads\/2026\/03\/ChatGPT-Image-20-avr.-2026-08_30_13-1-150x150.png",150,150,true],"medium":["https:\/\/lelocal-tournefeuille.fr\/wp-content\/uploads\/2026\/03\/ChatGPT-Image-20-avr.-2026-08_30_13-1-200x300.png",200,300,true],"medium_large":["https:\/\/lelocal-tournefeuille.fr\/wp-content\/uploads\/2026\/03\/ChatGPT-Image-20-avr.-2026-08_30_13-1-768x1152.png",768,1152,true],"large":["https:\/\/lelocal-tournefeuille.fr\/wp-content\/uploads\/2026\/03\/ChatGPT-Image-20-avr.-2026-08_30_13-1-683x1024.png",683,1024,true],"1536x1536":["https:\/\/lelocal-tournefeuille.fr\/wp-content\/uploads\/2026\/03\/ChatGPT-Image-20-avr.-2026-08_30_13-1.png",1024,1536,false],"2048x2048":["https:\/\/lelocal-tournefeuille.fr\/wp-content\/uploads\/2026\/03\/ChatGPT-Image-20-avr.-2026-08_30_13-1.png",1024,1536,false],"woocommerce_thumbnail":["https:\/\/lelocal-tournefeuille.fr\/wp-content\/uploads\/2026\/03\/ChatGPT-Image-20-avr.-2026-08_30_13-1-300x300.png",300,300,true],"woocommerce_single":["https:\/\/lelocal-tournefeuille.fr\/wp-content\/uploads\/2026\/03\/ChatGPT-Image-20-avr.-2026-08_30_13-1-600x900.png",600,900,true],"woocommerce_gallery_thumbnail":["https:\/\/lelocal-tournefeuille.fr\/wp-content\/uploads\/2026\/03\/ChatGPT-Image-20-avr.-2026-08_30_13-1-100x100.png",100,100,true]},"uagb_author_info":{"display_name":"bruno caparros","author_link":"https:\/\/lelocal-tournefeuille.fr\/?author=0"},"uagb_comment_info":0,"uagb_excerpt":"Plat de Gnocchi, courgettes grill\u00e9es et ricotta gratin\u00e9 au four Servi avec l\u00e9gumes r\u00f4tis et champignons grill\u00e9s Visuel non contractuel Allerg\u00e8nes : lactose, gluten,","jetpack_sharing_enabled":true,"_links":{"self":[{"href":"https:\/\/lelocal-tournefeuille.fr\/index.php?rest_route=\/wp\/v2\/product\/1199","targetHints":{"allow":["GET"]}}],"collection":[{"href":"https:\/\/lelocal-tournefeuille.fr\/index.php?rest_route=\/wp\/v2\/product"}],"about":[{"href":"https:\/\/lelocal-tournefeuille.fr\/index.php?rest_route=\/wp\/v2\/types\/product"}],"replies":[{"embeddable":true,"href":"https:\/\/lelocal-tournefeuille.fr\/index.php?rest_route=%2Fwp%2Fv2%2Fcomments&post=1199"}],"wp:featuredmedia":[{"embeddable":true,"href":"https:\/\/lelocal-tournefeuille.fr\/index.php?rest_route=\/wp\/v2\/media\/1355"}],"wp:attachment":[{"href":"https:\/\/lelocal-tournefeuille.fr\/index.php?rest_route=%2Fwp%2Fv2%2Fmedia&parent=1199"}],"wp:term":[{"taxonomy":"product_brand","embeddable":true,"href":"https:\/\/lelocal-tournefeuille.fr\/index.php?rest_route=%2Fwp%2Fv2%2Fproduct_brand&post=1199"},{"taxonomy":"product_cat","embeddable":true,"href":"https:\/\/lelocal-tournefeuille.fr\/index.php?rest_route=%2Fwp%2Fv2%2Fproduct_cat&post=1199"},{"taxonomy":"product_tag","embeddable":true,"href":"https:\/\/lelocal-tournefeuille.fr\/index.php?rest_route=%2Fwp%2Fv2%2Fproduct_tag&post=1199"}],"curies":[{"name":"wp","href":"https:\/\/api.w.org\/{rel}","templated":true}]}}