{"id":302,"date":"2025-11-17T18:20:37","date_gmt":"2025-11-17T17:20:37","guid":{"rendered":"https:\/\/lelocal-tournefeuille.fr\/?post_type=product&#038;p=302"},"modified":"2026-02-17T12:22:08","modified_gmt":"2026-02-17T11:22:08","slug":"porc-au-caramel","status":"publish","type":"product","link":"https:\/\/lelocal-tournefeuille.fr\/?product=porc-au-caramel","title":{"rendered":"Porc au caramel"},"content":{"rendered":"<p>Accompagn\u00e9 de riz et l\u00e9gumes de saison<\/p>\n","protected":false},"excerpt":{"rendered":"<p>Porc confit sauce soja, gingembre, ail, 4 \u00e9pices accompagnement au choix selon disponibilit\u00e9<\/p>\n<p>Viande origine France<\/p>\n<p>Visuel non contractuel<\/p>\n<p>Allerg\u00e8nes : soja, lactose, gluten<\/p>\n","protected":false},"featured_media":659,"comment_status":"open","ping_status":"closed","template":"","meta":{"_uag_custom_page_level_css":"","_themeisle_gutenberg_block_has_review":false},"product_brand":[],"product_cat":[22],"product_tag":[],"class_list":{"0":"post-302","1":"product","2":"type-product","3":"status-publish","4":"has-post-thumbnail","6":"product_cat-plat-traiteur","8":"first","9":"outofstock","10":"shipping-taxable","11":"purchasable","12":"product-type-simple"},"uagb_featured_image_src":{"full":["https:\/\/lelocal-tournefeuille.fr\/wp-content\/uploads\/2025\/11\/ChatGPT-Image-5-janv.-2026-14_45_10-1.png",1536,1024,false],"thumbnail":["https:\/\/lelocal-tournefeuille.fr\/wp-content\/uploads\/2025\/11\/ChatGPT-Image-5-janv.-2026-14_45_10-1-150x150.png",150,150,true],"medium":["https:\/\/lelocal-tournefeuille.fr\/wp-content\/uploads\/2025\/11\/ChatGPT-Image-5-janv.-2026-14_45_10-1-300x200.png",300,200,true],"medium_large":["https:\/\/lelocal-tournefeuille.fr\/wp-content\/uploads\/2025\/11\/ChatGPT-Image-5-janv.-2026-14_45_10-1-768x512.png",768,512,true],"large":["https:\/\/lelocal-tournefeuille.fr\/wp-content\/uploads\/2025\/11\/ChatGPT-Image-5-janv.-2026-14_45_10-1-1024x683.png",1024,683,true],"1536x1536":["https:\/\/lelocal-tournefeuille.fr\/wp-content\/uploads\/2025\/11\/ChatGPT-Image-5-janv.-2026-14_45_10-1.png",1536,1024,false],"2048x2048":["https:\/\/lelocal-tournefeuille.fr\/wp-content\/uploads\/2025\/11\/ChatGPT-Image-5-janv.-2026-14_45_10-1.png",1536,1024,false],"woocommerce_thumbnail":["https:\/\/lelocal-tournefeuille.fr\/wp-content\/uploads\/2025\/11\/ChatGPT-Image-5-janv.-2026-14_45_10-1-300x300.png",300,300,true],"woocommerce_single":["https:\/\/lelocal-tournefeuille.fr\/wp-content\/uploads\/2025\/11\/ChatGPT-Image-5-janv.-2026-14_45_10-1-600x400.png",600,400,true],"woocommerce_gallery_thumbnail":["https:\/\/lelocal-tournefeuille.fr\/wp-content\/uploads\/2025\/11\/ChatGPT-Image-5-janv.-2026-14_45_10-1-100x100.png",100,100,true]},"uagb_author_info":{"display_name":"bruno caparros","author_link":"https:\/\/lelocal-tournefeuille.fr\/?author=0"},"uagb_comment_info":0,"uagb_excerpt":"Porc confit sauce soja, gingembre, ail, 4 \u00e9pices accompagnement au choix selon disponibilit\u00e9 Viande origine France Visuel non contractuel Allerg\u00e8nes : soja, lactose, gluten","jetpack_sharing_enabled":true,"_links":{"self":[{"href":"https:\/\/lelocal-tournefeuille.fr\/index.php?rest_route=\/wp\/v2\/product\/302","targetHints":{"allow":["GET"]}}],"collection":[{"href":"https:\/\/lelocal-tournefeuille.fr\/index.php?rest_route=\/wp\/v2\/product"}],"about":[{"href":"https:\/\/lelocal-tournefeuille.fr\/index.php?rest_route=\/wp\/v2\/types\/product"}],"replies":[{"embeddable":true,"href":"https:\/\/lelocal-tournefeuille.fr\/index.php?rest_route=%2Fwp%2Fv2%2Fcomments&post=302"}],"wp:featuredmedia":[{"embeddable":true,"href":"https:\/\/lelocal-tournefeuille.fr\/index.php?rest_route=\/wp\/v2\/media\/659"}],"wp:attachment":[{"href":"https:\/\/lelocal-tournefeuille.fr\/index.php?rest_route=%2Fwp%2Fv2%2Fmedia&parent=302"}],"wp:term":[{"taxonomy":"product_brand","embeddable":true,"href":"https:\/\/lelocal-tournefeuille.fr\/index.php?rest_route=%2Fwp%2Fv2%2Fproduct_brand&post=302"},{"taxonomy":"product_cat","embeddable":true,"href":"https:\/\/lelocal-tournefeuille.fr\/index.php?rest_route=%2Fwp%2Fv2%2Fproduct_cat&post=302"},{"taxonomy":"product_tag","embeddable":true,"href":"https:\/\/lelocal-tournefeuille.fr\/index.php?rest_route=%2Fwp%2Fv2%2Fproduct_tag&post=302"}],"curies":[{"name":"wp","href":"https:\/\/api.w.org\/{rel}","templated":true}]}}