{"id":304,"date":"2025-11-17T18:26:36","date_gmt":"2025-11-17T17:26:36","guid":{"rendered":"https:\/\/lelocal-tournefeuille.fr\/?post_type=product&#038;p=304"},"modified":"2025-11-24T14:17:09","modified_gmt":"2025-11-24T13:17:09","slug":"lasagne-vege","status":"publish","type":"product","link":"https:\/\/lelocal-tournefeuille.fr\/?product=lasagne-vege","title":{"rendered":"Lasagne v\u00e9g\u00e9"},"content":{"rendered":"<p>Lasagne aux l\u00e9gumes de saison, et b\u00e9chamel au fromage<\/p>\n","protected":false},"excerpt":{"rendered":"<p>Lasagne v\u00e9g\u00e9tarienne<\/p>\n<p>Allerg\u00e8nes : lactose, gluten, soja<\/p>\n","protected":false},"featured_media":306,"comment_status":"open","ping_status":"closed","template":"","meta":{"_uag_custom_page_level_css":"","_themeisle_gutenberg_block_has_review":false},"product_brand":[],"product_cat":[22],"product_tag":[],"class_list":{"0":"post-304","1":"product","2":"type-product","3":"status-publish","4":"has-post-thumbnail","6":"product_cat-plat-traiteur","8":"first","9":"outofstock","10":"shipping-taxable","11":"purchasable","12":"product-type-simple"},"uagb_featured_image_src":{"full":["https:\/\/lelocal-tournefeuille.fr\/wp-content\/uploads\/2025\/11\/ChatGPT-Image-17-nov.-2025-18_30_26.png",1024,1024,false],"thumbnail":["https:\/\/lelocal-tournefeuille.fr\/wp-content\/uploads\/2025\/11\/ChatGPT-Image-17-nov.-2025-18_30_26-150x150.png",150,150,true],"medium":["https:\/\/lelocal-tournefeuille.fr\/wp-content\/uploads\/2025\/11\/ChatGPT-Image-17-nov.-2025-18_30_26-300x300.png",300,300,true],"medium_large":["https:\/\/lelocal-tournefeuille.fr\/wp-content\/uploads\/2025\/11\/ChatGPT-Image-17-nov.-2025-18_30_26-768x768.png",768,768,true],"large":["https:\/\/lelocal-tournefeuille.fr\/wp-content\/uploads\/2025\/11\/ChatGPT-Image-17-nov.-2025-18_30_26.png",1024,1024,false],"1536x1536":["https:\/\/lelocal-tournefeuille.fr\/wp-content\/uploads\/2025\/11\/ChatGPT-Image-17-nov.-2025-18_30_26.png",1024,1024,false],"2048x2048":["https:\/\/lelocal-tournefeuille.fr\/wp-content\/uploads\/2025\/11\/ChatGPT-Image-17-nov.-2025-18_30_26.png",1024,1024,false],"woocommerce_thumbnail":["https:\/\/lelocal-tournefeuille.fr\/wp-content\/uploads\/2025\/11\/ChatGPT-Image-17-nov.-2025-18_30_26-300x300.png",300,300,true],"woocommerce_single":["https:\/\/lelocal-tournefeuille.fr\/wp-content\/uploads\/2025\/11\/ChatGPT-Image-17-nov.-2025-18_30_26-600x600.png",600,600,true],"woocommerce_gallery_thumbnail":["https:\/\/lelocal-tournefeuille.fr\/wp-content\/uploads\/2025\/11\/ChatGPT-Image-17-nov.-2025-18_30_26-100x100.png",100,100,true]},"uagb_author_info":{"display_name":"bruno caparros","author_link":"https:\/\/lelocal-tournefeuille.fr\/?author=0"},"uagb_comment_info":1,"uagb_excerpt":"Lasagne v\u00e9g\u00e9tarienne Allerg\u00e8nes : lactose, gluten, soja","jetpack_sharing_enabled":true,"_links":{"self":[{"href":"https:\/\/lelocal-tournefeuille.fr\/index.php?rest_route=\/wp\/v2\/product\/304","targetHints":{"allow":["GET"]}}],"collection":[{"href":"https:\/\/lelocal-tournefeuille.fr\/index.php?rest_route=\/wp\/v2\/product"}],"about":[{"href":"https:\/\/lelocal-tournefeuille.fr\/index.php?rest_route=\/wp\/v2\/types\/product"}],"replies":[{"embeddable":true,"href":"https:\/\/lelocal-tournefeuille.fr\/index.php?rest_route=%2Fwp%2Fv2%2Fcomments&post=304"}],"wp:featuredmedia":[{"embeddable":true,"href":"https:\/\/lelocal-tournefeuille.fr\/index.php?rest_route=\/wp\/v2\/media\/306"}],"wp:attachment":[{"href":"https:\/\/lelocal-tournefeuille.fr\/index.php?rest_route=%2Fwp%2Fv2%2Fmedia&parent=304"}],"wp:term":[{"taxonomy":"product_brand","embeddable":true,"href":"https:\/\/lelocal-tournefeuille.fr\/index.php?rest_route=%2Fwp%2Fv2%2Fproduct_brand&post=304"},{"taxonomy":"product_cat","embeddable":true,"href":"https:\/\/lelocal-tournefeuille.fr\/index.php?rest_route=%2Fwp%2Fv2%2Fproduct_cat&post=304"},{"taxonomy":"product_tag","embeddable":true,"href":"https:\/\/lelocal-tournefeuille.fr\/index.php?rest_route=%2Fwp%2Fv2%2Fproduct_tag&post=304"}],"curies":[{"name":"wp","href":"https:\/\/api.w.org\/{rel}","templated":true}]}}