{"id":356,"date":"2025-11-24T14:17:43","date_gmt":"2025-11-24T13:17:43","guid":{"rendered":"https:\/\/lelocal-tournefeuille.fr\/?post_type=product&#038;p=356"},"modified":"2026-04-08T09:31:55","modified_gmt":"2026-04-08T07:31:55","slug":"lasagne-de-boeuf-aux-legumes","status":"publish","type":"product","link":"https:\/\/lelocal-tournefeuille.fr\/?product=lasagne-de-boeuf-aux-legumes","title":{"rendered":"Lasagnes de b\u0153uf aux l\u00e9gumes"},"content":{"rendered":"<p>Lasagnes au b\u0153uf et l\u00e9gumes de saison, et b\u00e9chamel au fromage<\/p>\n","protected":false},"excerpt":{"rendered":"<p>Lasagnes au b\u0153uf et aux l\u00e9gumes de saison ( environ 450g)<\/p>\n<p>B\u0153uf origine France<\/p>\n<p>Visuel non contractuel<\/p>\n<p>Allerg\u00e8nes : lactose, gluten, soja, c\u00e9leri, sulfite, oeuf<\/p>\n","protected":false},"featured_media":357,"comment_status":"open","ping_status":"closed","template":"","meta":{"_uag_custom_page_level_css":"","_themeisle_gutenberg_block_has_review":false},"product_brand":[],"product_cat":[22],"product_tag":[],"class_list":{"0":"post-356","1":"product","2":"type-product","3":"status-publish","4":"has-post-thumbnail","6":"product_cat-plat-traiteur","8":"first","9":"outofstock","10":"shipping-taxable","11":"purchasable","12":"product-type-simple"},"uagb_featured_image_src":{"full":["https:\/\/lelocal-tournefeuille.fr\/wp-content\/uploads\/2025\/11\/lasagne-boeuf.png",1024,1024,false],"thumbnail":["https:\/\/lelocal-tournefeuille.fr\/wp-content\/uploads\/2025\/11\/lasagne-boeuf-150x150.png",150,150,true],"medium":["https:\/\/lelocal-tournefeuille.fr\/wp-content\/uploads\/2025\/11\/lasagne-boeuf-300x300.png",300,300,true],"medium_large":["https:\/\/lelocal-tournefeuille.fr\/wp-content\/uploads\/2025\/11\/lasagne-boeuf-768x768.png",768,768,true],"large":["https:\/\/lelocal-tournefeuille.fr\/wp-content\/uploads\/2025\/11\/lasagne-boeuf.png",1024,1024,false],"1536x1536":["https:\/\/lelocal-tournefeuille.fr\/wp-content\/uploads\/2025\/11\/lasagne-boeuf.png",1024,1024,false],"2048x2048":["https:\/\/lelocal-tournefeuille.fr\/wp-content\/uploads\/2025\/11\/lasagne-boeuf.png",1024,1024,false],"woocommerce_thumbnail":["https:\/\/lelocal-tournefeuille.fr\/wp-content\/uploads\/2025\/11\/lasagne-boeuf-300x300.png",300,300,true],"woocommerce_single":["https:\/\/lelocal-tournefeuille.fr\/wp-content\/uploads\/2025\/11\/lasagne-boeuf-600x600.png",600,600,true],"woocommerce_gallery_thumbnail":["https:\/\/lelocal-tournefeuille.fr\/wp-content\/uploads\/2025\/11\/lasagne-boeuf-100x100.png",100,100,true]},"uagb_author_info":{"display_name":"bruno caparros","author_link":"https:\/\/lelocal-tournefeuille.fr\/?author=0"},"uagb_comment_info":0,"uagb_excerpt":"Lasagnes au b\u0153uf et aux l\u00e9gumes de saison ( environ 450g) B\u0153uf origine France Visuel non contractuel Allerg\u00e8nes : lactose, gluten, soja, c\u00e9leri, sulfite, oeuf","jetpack_sharing_enabled":true,"_links":{"self":[{"href":"https:\/\/lelocal-tournefeuille.fr\/index.php?rest_route=\/wp\/v2\/product\/356","targetHints":{"allow":["GET"]}}],"collection":[{"href":"https:\/\/lelocal-tournefeuille.fr\/index.php?rest_route=\/wp\/v2\/product"}],"about":[{"href":"https:\/\/lelocal-tournefeuille.fr\/index.php?rest_route=\/wp\/v2\/types\/product"}],"replies":[{"embeddable":true,"href":"https:\/\/lelocal-tournefeuille.fr\/index.php?rest_route=%2Fwp%2Fv2%2Fcomments&post=356"}],"wp:featuredmedia":[{"embeddable":true,"href":"https:\/\/lelocal-tournefeuille.fr\/index.php?rest_route=\/wp\/v2\/media\/357"}],"wp:attachment":[{"href":"https:\/\/lelocal-tournefeuille.fr\/index.php?rest_route=%2Fwp%2Fv2%2Fmedia&parent=356"}],"wp:term":[{"taxonomy":"product_brand","embeddable":true,"href":"https:\/\/lelocal-tournefeuille.fr\/index.php?rest_route=%2Fwp%2Fv2%2Fproduct_brand&post=356"},{"taxonomy":"product_cat","embeddable":true,"href":"https:\/\/lelocal-tournefeuille.fr\/index.php?rest_route=%2Fwp%2Fv2%2Fproduct_cat&post=356"},{"taxonomy":"product_tag","embeddable":true,"href":"https:\/\/lelocal-tournefeuille.fr\/index.php?rest_route=%2Fwp%2Fv2%2Fproduct_tag&post=356"}],"curies":[{"name":"wp","href":"https:\/\/api.w.org\/{rel}","templated":true}]}}