{"id":410,"date":"2025-11-29T09:48:04","date_gmt":"2025-11-29T08:48:04","guid":{"rendered":"https:\/\/lelocal-tournefeuille.fr\/?post_type=product&#038;p=410"},"modified":"2026-02-13T13:53:53","modified_gmt":"2026-02-13T12:53:53","slug":"bourguignon-de-boeuf","status":"publish","type":"product","link":"https:\/\/lelocal-tournefeuille.fr\/?product=bourguignon-de-boeuf","title":{"rendered":"Bourguignon de b\u0153uf"},"content":{"rendered":"<p>B\u0153uf mijot\u00e9 au vin rouge avec l\u00e9gumes et lardons, accompagnement au choix.<\/p>\n","protected":false},"excerpt":{"rendered":"<p>B\u0153uf mijot\u00e9 au vin rouge avec l\u00e9gumes et lardons fum\u00e9s, accompagnement au choix selon disponibilit\u00e9<\/p>\n<p>Visuel non contractuel<\/p>\n<p>Allerg\u00e8nes : lactose, gluten, c\u00e9leri, sulfite<\/p>\n","protected":false},"featured_media":971,"comment_status":"open","ping_status":"closed","template":"","meta":{"_uag_custom_page_level_css":"","_themeisle_gutenberg_block_has_review":false},"product_brand":[],"product_cat":[22],"product_tag":[],"class_list":{"0":"post-410","1":"product","2":"type-product","3":"status-publish","4":"has-post-thumbnail","6":"product_cat-plat-traiteur","8":"first","9":"outofstock","10":"shipping-taxable","11":"purchasable","12":"product-type-simple"},"uagb_featured_image_src":{"full":["https:\/\/lelocal-tournefeuille.fr\/wp-content\/uploads\/2025\/11\/ChatGPT-Image-9-fevr.-2026-11_07_07-1.png",1024,1536,false],"thumbnail":["https:\/\/lelocal-tournefeuille.fr\/wp-content\/uploads\/2025\/11\/ChatGPT-Image-9-fevr.-2026-11_07_07-1-150x150.png",150,150,true],"medium":["https:\/\/lelocal-tournefeuille.fr\/wp-content\/uploads\/2025\/11\/ChatGPT-Image-9-fevr.-2026-11_07_07-1-200x300.png",200,300,true],"medium_large":["https:\/\/lelocal-tournefeuille.fr\/wp-content\/uploads\/2025\/11\/ChatGPT-Image-9-fevr.-2026-11_07_07-1-768x1152.png",768,1152,true],"large":["https:\/\/lelocal-tournefeuille.fr\/wp-content\/uploads\/2025\/11\/ChatGPT-Image-9-fevr.-2026-11_07_07-1-683x1024.png",683,1024,true],"1536x1536":["https:\/\/lelocal-tournefeuille.fr\/wp-content\/uploads\/2025\/11\/ChatGPT-Image-9-fevr.-2026-11_07_07-1.png",1024,1536,false],"2048x2048":["https:\/\/lelocal-tournefeuille.fr\/wp-content\/uploads\/2025\/11\/ChatGPT-Image-9-fevr.-2026-11_07_07-1.png",1024,1536,false],"woocommerce_thumbnail":["https:\/\/lelocal-tournefeuille.fr\/wp-content\/uploads\/2025\/11\/ChatGPT-Image-9-fevr.-2026-11_07_07-1-300x300.png",300,300,true],"woocommerce_single":["https:\/\/lelocal-tournefeuille.fr\/wp-content\/uploads\/2025\/11\/ChatGPT-Image-9-fevr.-2026-11_07_07-1-600x900.png",600,900,true],"woocommerce_gallery_thumbnail":["https:\/\/lelocal-tournefeuille.fr\/wp-content\/uploads\/2025\/11\/ChatGPT-Image-9-fevr.-2026-11_07_07-1-100x100.png",100,100,true]},"uagb_author_info":{"display_name":"bruno caparros","author_link":"https:\/\/lelocal-tournefeuille.fr\/?author=0"},"uagb_comment_info":0,"uagb_excerpt":"B\u0153uf mijot\u00e9 au vin rouge avec l\u00e9gumes et lardons fum\u00e9s, accompagnement au choix selon disponibilit\u00e9 Visuel non contractuel Allerg\u00e8nes : lactose, gluten, c\u00e9leri, sulfite","jetpack_sharing_enabled":true,"_links":{"self":[{"href":"https:\/\/lelocal-tournefeuille.fr\/index.php?rest_route=\/wp\/v2\/product\/410","targetHints":{"allow":["GET"]}}],"collection":[{"href":"https:\/\/lelocal-tournefeuille.fr\/index.php?rest_route=\/wp\/v2\/product"}],"about":[{"href":"https:\/\/lelocal-tournefeuille.fr\/index.php?rest_route=\/wp\/v2\/types\/product"}],"replies":[{"embeddable":true,"href":"https:\/\/lelocal-tournefeuille.fr\/index.php?rest_route=%2Fwp%2Fv2%2Fcomments&post=410"}],"wp:featuredmedia":[{"embeddable":true,"href":"https:\/\/lelocal-tournefeuille.fr\/index.php?rest_route=\/wp\/v2\/media\/971"}],"wp:attachment":[{"href":"https:\/\/lelocal-tournefeuille.fr\/index.php?rest_route=%2Fwp%2Fv2%2Fmedia&parent=410"}],"wp:term":[{"taxonomy":"product_brand","embeddable":true,"href":"https:\/\/lelocal-tournefeuille.fr\/index.php?rest_route=%2Fwp%2Fv2%2Fproduct_brand&post=410"},{"taxonomy":"product_cat","embeddable":true,"href":"https:\/\/lelocal-tournefeuille.fr\/index.php?rest_route=%2Fwp%2Fv2%2Fproduct_cat&post=410"},{"taxonomy":"product_tag","embeddable":true,"href":"https:\/\/lelocal-tournefeuille.fr\/index.php?rest_route=%2Fwp%2Fv2%2Fproduct_tag&post=410"}],"curies":[{"name":"wp","href":"https:\/\/api.w.org\/{rel}","templated":true}]}}