{"id":558,"date":"2025-12-15T10:36:25","date_gmt":"2025-12-15T09:36:25","guid":{"rendered":"https:\/\/lelocal-tournefeuille.fr\/?post_type=product&#038;p=558"},"modified":"2026-04-03T15:46:50","modified_gmt":"2026-04-03T13:46:50","slug":"hachis-parmentier-de-porc-confit-bbq","status":"publish","type":"product","link":"https:\/\/lelocal-tournefeuille.fr\/?product=hachis-parmentier-de-porc-confit-bbq","title":{"rendered":"Hachis parmentier de Porc Confit"},"content":{"rendered":"<p>Confit de porc effiloch\u00e9, l\u00e9gumes et pur\u00e9e de pomme de terre<\/p>\n","protected":false},"excerpt":{"rendered":"<p>Confit de porc effiloch\u00e9, l\u00e9gumes et pur\u00e9e de pomme de terre<\/p>\n<p>Visuel non contractuel<\/p>\n<p>Allerg\u00e8nes : lactose, soja<\/p>\n","protected":false},"featured_media":559,"comment_status":"open","ping_status":"closed","template":"","meta":{"_uag_custom_page_level_css":"","_themeisle_gutenberg_block_has_review":false},"product_brand":[],"product_cat":[22],"product_tag":[],"class_list":{"0":"post-558","1":"product","2":"type-product","3":"status-publish","4":"has-post-thumbnail","6":"product_cat-plat-traiteur","8":"first","9":"outofstock","10":"shipping-taxable","11":"purchasable","12":"product-type-simple"},"uagb_featured_image_src":{"full":["https:\/\/lelocal-tournefeuille.fr\/wp-content\/uploads\/2025\/12\/e79bf1aa-ee27-409d-b699-b9468736f079-1.png",1024,1536,false],"thumbnail":["https:\/\/lelocal-tournefeuille.fr\/wp-content\/uploads\/2025\/12\/e79bf1aa-ee27-409d-b699-b9468736f079-1-150x150.png",150,150,true],"medium":["https:\/\/lelocal-tournefeuille.fr\/wp-content\/uploads\/2025\/12\/e79bf1aa-ee27-409d-b699-b9468736f079-1-200x300.png",200,300,true],"medium_large":["https:\/\/lelocal-tournefeuille.fr\/wp-content\/uploads\/2025\/12\/e79bf1aa-ee27-409d-b699-b9468736f079-1-768x1152.png",768,1152,true],"large":["https:\/\/lelocal-tournefeuille.fr\/wp-content\/uploads\/2025\/12\/e79bf1aa-ee27-409d-b699-b9468736f079-1-683x1024.png",683,1024,true],"1536x1536":["https:\/\/lelocal-tournefeuille.fr\/wp-content\/uploads\/2025\/12\/e79bf1aa-ee27-409d-b699-b9468736f079-1.png",1024,1536,false],"2048x2048":["https:\/\/lelocal-tournefeuille.fr\/wp-content\/uploads\/2025\/12\/e79bf1aa-ee27-409d-b699-b9468736f079-1.png",1024,1536,false],"woocommerce_thumbnail":["https:\/\/lelocal-tournefeuille.fr\/wp-content\/uploads\/2025\/12\/e79bf1aa-ee27-409d-b699-b9468736f079-1-300x300.png",300,300,true],"woocommerce_single":["https:\/\/lelocal-tournefeuille.fr\/wp-content\/uploads\/2025\/12\/e79bf1aa-ee27-409d-b699-b9468736f079-1-600x900.png",600,900,true],"woocommerce_gallery_thumbnail":["https:\/\/lelocal-tournefeuille.fr\/wp-content\/uploads\/2025\/12\/e79bf1aa-ee27-409d-b699-b9468736f079-1-100x100.png",100,100,true]},"uagb_author_info":{"display_name":"bruno caparros","author_link":"https:\/\/lelocal-tournefeuille.fr\/?author=0"},"uagb_comment_info":1,"uagb_excerpt":"Confit de porc effiloch\u00e9, l\u00e9gumes et pur\u00e9e de pomme de terre Visuel non contractuel Allerg\u00e8nes : lactose, soja","jetpack_sharing_enabled":true,"_links":{"self":[{"href":"https:\/\/lelocal-tournefeuille.fr\/index.php?rest_route=\/wp\/v2\/product\/558","targetHints":{"allow":["GET"]}}],"collection":[{"href":"https:\/\/lelocal-tournefeuille.fr\/index.php?rest_route=\/wp\/v2\/product"}],"about":[{"href":"https:\/\/lelocal-tournefeuille.fr\/index.php?rest_route=\/wp\/v2\/types\/product"}],"replies":[{"embeddable":true,"href":"https:\/\/lelocal-tournefeuille.fr\/index.php?rest_route=%2Fwp%2Fv2%2Fcomments&post=558"}],"wp:featuredmedia":[{"embeddable":true,"href":"https:\/\/lelocal-tournefeuille.fr\/index.php?rest_route=\/wp\/v2\/media\/559"}],"wp:attachment":[{"href":"https:\/\/lelocal-tournefeuille.fr\/index.php?rest_route=%2Fwp%2Fv2%2Fmedia&parent=558"}],"wp:term":[{"taxonomy":"product_brand","embeddable":true,"href":"https:\/\/lelocal-tournefeuille.fr\/index.php?rest_route=%2Fwp%2Fv2%2Fproduct_brand&post=558"},{"taxonomy":"product_cat","embeddable":true,"href":"https:\/\/lelocal-tournefeuille.fr\/index.php?rest_route=%2Fwp%2Fv2%2Fproduct_cat&post=558"},{"taxonomy":"product_tag","embeddable":true,"href":"https:\/\/lelocal-tournefeuille.fr\/index.php?rest_route=%2Fwp%2Fv2%2Fproduct_tag&post=558"}],"curies":[{"name":"wp","href":"https:\/\/api.w.org\/{rel}","templated":true}]}}