{"id":560,"date":"2025-12-15T10:44:03","date_gmt":"2025-12-15T09:44:03","guid":{"rendered":"https:\/\/lelocal-tournefeuille.fr\/?post_type=product&#038;p=560"},"modified":"2025-12-17T11:17:49","modified_gmt":"2025-12-17T10:17:49","slug":"carbonnade-flamande-pomme-de-terre-grenailles-et-legumes-rotis","status":"publish","type":"product","link":"https:\/\/lelocal-tournefeuille.fr\/?product=carbonnade-flamande-pomme-de-terre-grenailles-et-legumes-rotis","title":{"rendered":"Carbonade flamande, pomme de terre grenailles et l\u00e9gumes r\u00f4tis"},"content":{"rendered":"<p>Plat traditionnelle de la cuisine belge et franco-flamande, B\u0153uf brais\u00e9s \u00e0 l&rsquo;\u00e9touff\u00e9e avec de la bi\u00e8re et moutarde<\/p>\n<p>&nbsp;<\/p>\n","protected":false},"excerpt":{"rendered":"<p>Plat traditionnelle de la cuisine belge et franco-flamande, B\u0153uf brais\u00e9 \u00e0 l&rsquo;\u00e9touff\u00e9e avec de la bi\u00e8re et moutarde<\/p>\n<p>&nbsp;<\/p>\n<p>Allerg\u00e8nes : lactose, gluten et moutarde<\/p>\n","protected":false},"featured_media":561,"comment_status":"open","ping_status":"closed","template":"","meta":{"_uag_custom_page_level_css":"","_themeisle_gutenberg_block_has_review":false},"product_brand":[],"product_cat":[22],"product_tag":[],"class_list":{"0":"post-560","1":"product","2":"type-product","3":"status-publish","4":"has-post-thumbnail","6":"product_cat-plat-traiteur","8":"first","9":"outofstock","10":"shipping-taxable","11":"purchasable","12":"product-type-simple"},"uagb_featured_image_src":{"full":["https:\/\/lelocal-tournefeuille.fr\/wp-content\/uploads\/2025\/12\/2bcfd5dd-d9e7-4f23-93a3-c93672797478-1.png",1024,1536,false],"thumbnail":["https:\/\/lelocal-tournefeuille.fr\/wp-content\/uploads\/2025\/12\/2bcfd5dd-d9e7-4f23-93a3-c93672797478-1-150x150.png",150,150,true],"medium":["https:\/\/lelocal-tournefeuille.fr\/wp-content\/uploads\/2025\/12\/2bcfd5dd-d9e7-4f23-93a3-c93672797478-1-200x300.png",200,300,true],"medium_large":["https:\/\/lelocal-tournefeuille.fr\/wp-content\/uploads\/2025\/12\/2bcfd5dd-d9e7-4f23-93a3-c93672797478-1-768x1152.png",768,1152,true],"large":["https:\/\/lelocal-tournefeuille.fr\/wp-content\/uploads\/2025\/12\/2bcfd5dd-d9e7-4f23-93a3-c93672797478-1-683x1024.png",683,1024,true],"1536x1536":["https:\/\/lelocal-tournefeuille.fr\/wp-content\/uploads\/2025\/12\/2bcfd5dd-d9e7-4f23-93a3-c93672797478-1.png",1024,1536,false],"2048x2048":["https:\/\/lelocal-tournefeuille.fr\/wp-content\/uploads\/2025\/12\/2bcfd5dd-d9e7-4f23-93a3-c93672797478-1.png",1024,1536,false],"woocommerce_thumbnail":["https:\/\/lelocal-tournefeuille.fr\/wp-content\/uploads\/2025\/12\/2bcfd5dd-d9e7-4f23-93a3-c93672797478-1-300x300.png",300,300,true],"woocommerce_single":["https:\/\/lelocal-tournefeuille.fr\/wp-content\/uploads\/2025\/12\/2bcfd5dd-d9e7-4f23-93a3-c93672797478-1-600x900.png",600,900,true],"woocommerce_gallery_thumbnail":["https:\/\/lelocal-tournefeuille.fr\/wp-content\/uploads\/2025\/12\/2bcfd5dd-d9e7-4f23-93a3-c93672797478-1-100x100.png",100,100,true]},"uagb_author_info":{"display_name":"bruno caparros","author_link":"https:\/\/lelocal-tournefeuille.fr\/?author=0"},"uagb_comment_info":0,"uagb_excerpt":"Plat traditionnelle de la cuisine belge et franco-flamande, B\u0153uf brais\u00e9 \u00e0 l'\u00e9touff\u00e9e avec de la bi\u00e8re et moutarde &nbsp; Allerg\u00e8nes : lactose, gluten et moutarde","jetpack_sharing_enabled":true,"_links":{"self":[{"href":"https:\/\/lelocal-tournefeuille.fr\/index.php?rest_route=\/wp\/v2\/product\/560","targetHints":{"allow":["GET"]}}],"collection":[{"href":"https:\/\/lelocal-tournefeuille.fr\/index.php?rest_route=\/wp\/v2\/product"}],"about":[{"href":"https:\/\/lelocal-tournefeuille.fr\/index.php?rest_route=\/wp\/v2\/types\/product"}],"replies":[{"embeddable":true,"href":"https:\/\/lelocal-tournefeuille.fr\/index.php?rest_route=%2Fwp%2Fv2%2Fcomments&post=560"}],"wp:featuredmedia":[{"embeddable":true,"href":"https:\/\/lelocal-tournefeuille.fr\/index.php?rest_route=\/wp\/v2\/media\/561"}],"wp:attachment":[{"href":"https:\/\/lelocal-tournefeuille.fr\/index.php?rest_route=%2Fwp%2Fv2%2Fmedia&parent=560"}],"wp:term":[{"taxonomy":"product_brand","embeddable":true,"href":"https:\/\/lelocal-tournefeuille.fr\/index.php?rest_route=%2Fwp%2Fv2%2Fproduct_brand&post=560"},{"taxonomy":"product_cat","embeddable":true,"href":"https:\/\/lelocal-tournefeuille.fr\/index.php?rest_route=%2Fwp%2Fv2%2Fproduct_cat&post=560"},{"taxonomy":"product_tag","embeddable":true,"href":"https:\/\/lelocal-tournefeuille.fr\/index.php?rest_route=%2Fwp%2Fv2%2Fproduct_tag&post=560"}],"curies":[{"name":"wp","href":"https:\/\/api.w.org\/{rel}","templated":true}]}}