{"id":886,"date":"2026-01-26T15:37:28","date_gmt":"2026-01-26T14:37:28","guid":{"rendered":"https:\/\/lelocal-tournefeuille.fr\/?post_type=product&#038;p=886"},"modified":"2026-02-03T18:25:35","modified_gmt":"2026-02-03T17:25:35","slug":"chili-con-carne-au-boeuf","status":"publish","type":"product","link":"https:\/\/lelocal-tournefeuille.fr\/?product=chili-con-carne-au-boeuf","title":{"rendered":"Chili con carne au Boeuf"},"content":{"rendered":"<p>Mijot\u00e9 d&rsquo;haricot rouge, b\u0153uf, l\u00e9gumes et cumin, l\u00e9g\u00e8rement relev\u00e9.<\/p>\n<p>Servi avec riz et l\u00e9gumes r\u00f4tis<\/p>\n","protected":false},"excerpt":{"rendered":"<p>Mijot\u00e9 d&rsquo;haricot rouge, b\u0153uf, l\u00e9gumes et cumin, l\u00e9g\u00e8rement relev\u00e9.<\/p>\n<p>Servi avec riz et l\u00e9gumes r\u00f4tis<\/p>\n<p>B\u0153uf origine France<\/p>\n<p>Visuel non contractuel<\/p>\n<p>Allerg\u00e8nes : lactose, soja, c\u00e8leri<\/p>\n","protected":false},"featured_media":887,"comment_status":"open","ping_status":"closed","template":"","meta":{"_uag_custom_page_level_css":"","_themeisle_gutenberg_block_has_review":false},"product_brand":[],"product_cat":[22],"product_tag":[],"class_list":{"0":"post-886","1":"product","2":"type-product","3":"status-publish","4":"has-post-thumbnail","6":"product_cat-plat-traiteur","8":"first","9":"outofstock","10":"shipping-taxable","11":"purchasable","12":"product-type-simple"},"uagb_featured_image_src":{"full":["https:\/\/lelocal-tournefeuille.fr\/wp-content\/uploads\/2026\/01\/ChatGPT-Image-26-janv.-2026-15_38_45-1.png",1024,1536,false],"thumbnail":["https:\/\/lelocal-tournefeuille.fr\/wp-content\/uploads\/2026\/01\/ChatGPT-Image-26-janv.-2026-15_38_45-1-150x150.png",150,150,true],"medium":["https:\/\/lelocal-tournefeuille.fr\/wp-content\/uploads\/2026\/01\/ChatGPT-Image-26-janv.-2026-15_38_45-1-200x300.png",200,300,true],"medium_large":["https:\/\/lelocal-tournefeuille.fr\/wp-content\/uploads\/2026\/01\/ChatGPT-Image-26-janv.-2026-15_38_45-1-768x1152.png",768,1152,true],"large":["https:\/\/lelocal-tournefeuille.fr\/wp-content\/uploads\/2026\/01\/ChatGPT-Image-26-janv.-2026-15_38_45-1-683x1024.png",683,1024,true],"1536x1536":["https:\/\/lelocal-tournefeuille.fr\/wp-content\/uploads\/2026\/01\/ChatGPT-Image-26-janv.-2026-15_38_45-1.png",1024,1536,false],"2048x2048":["https:\/\/lelocal-tournefeuille.fr\/wp-content\/uploads\/2026\/01\/ChatGPT-Image-26-janv.-2026-15_38_45-1.png",1024,1536,false],"woocommerce_thumbnail":["https:\/\/lelocal-tournefeuille.fr\/wp-content\/uploads\/2026\/01\/ChatGPT-Image-26-janv.-2026-15_38_45-1-300x300.png",300,300,true],"woocommerce_single":["https:\/\/lelocal-tournefeuille.fr\/wp-content\/uploads\/2026\/01\/ChatGPT-Image-26-janv.-2026-15_38_45-1-600x900.png",600,900,true],"woocommerce_gallery_thumbnail":["https:\/\/lelocal-tournefeuille.fr\/wp-content\/uploads\/2026\/01\/ChatGPT-Image-26-janv.-2026-15_38_45-1-100x100.png",100,100,true]},"uagb_author_info":{"display_name":"bruno caparros","author_link":"https:\/\/lelocal-tournefeuille.fr\/?author=0"},"uagb_comment_info":0,"uagb_excerpt":"Mijot\u00e9 d'haricot rouge, b\u0153uf, l\u00e9gumes et cumin, l\u00e9g\u00e8rement relev\u00e9. Servi avec riz et l\u00e9gumes r\u00f4tis B\u0153uf origine France Visuel non contractuel Allerg\u00e8nes : lactose, soja, c\u00e8leri","jetpack_sharing_enabled":true,"_links":{"self":[{"href":"https:\/\/lelocal-tournefeuille.fr\/index.php?rest_route=\/wp\/v2\/product\/886","targetHints":{"allow":["GET"]}}],"collection":[{"href":"https:\/\/lelocal-tournefeuille.fr\/index.php?rest_route=\/wp\/v2\/product"}],"about":[{"href":"https:\/\/lelocal-tournefeuille.fr\/index.php?rest_route=\/wp\/v2\/types\/product"}],"replies":[{"embeddable":true,"href":"https:\/\/lelocal-tournefeuille.fr\/index.php?rest_route=%2Fwp%2Fv2%2Fcomments&post=886"}],"wp:featuredmedia":[{"embeddable":true,"href":"https:\/\/lelocal-tournefeuille.fr\/index.php?rest_route=\/wp\/v2\/media\/887"}],"wp:attachment":[{"href":"https:\/\/lelocal-tournefeuille.fr\/index.php?rest_route=%2Fwp%2Fv2%2Fmedia&parent=886"}],"wp:term":[{"taxonomy":"product_brand","embeddable":true,"href":"https:\/\/lelocal-tournefeuille.fr\/index.php?rest_route=%2Fwp%2Fv2%2Fproduct_brand&post=886"},{"taxonomy":"product_cat","embeddable":true,"href":"https:\/\/lelocal-tournefeuille.fr\/index.php?rest_route=%2Fwp%2Fv2%2Fproduct_cat&post=886"},{"taxonomy":"product_tag","embeddable":true,"href":"https:\/\/lelocal-tournefeuille.fr\/index.php?rest_route=%2Fwp%2Fv2%2Fproduct_tag&post=886"}],"curies":[{"name":"wp","href":"https:\/\/api.w.org\/{rel}","templated":true}]}}