{"id":962,"date":"2026-02-09T10:43:40","date_gmt":"2026-02-09T09:43:40","guid":{"rendered":"https:\/\/lelocal-tournefeuille.fr\/?post_type=product&#038;p=962"},"modified":"2026-02-12T12:39:05","modified_gmt":"2026-02-12T11:39:05","slug":"colombo-de-poulet-et-de-legumes-riz-carotte-cumin","status":"publish","type":"product","link":"https:\/\/lelocal-tournefeuille.fr\/?product=colombo-de-poulet-et-de-legumes-riz-carotte-cumin","title":{"rendered":"Colombo de poulet et de l\u00e9gumes"},"content":{"rendered":"<p>Colombo de cuisse de poulet avec des l\u00e9gumes mijot\u00e9s<\/p>\n","protected":false},"excerpt":{"rendered":"<p>Colombo de cuisse de poulet avec des l\u00e9gumes mijot\u00e9s et un riz carotte cumin<\/p>\n<p>Viande origine France (Gers)<\/p>\n<p>Visuel non contractuel<\/p>\n<p>Allerg\u00e8nes : lactose, gluten, c\u00e8leri<\/p>\n","protected":false},"featured_media":963,"comment_status":"open","ping_status":"closed","template":"","meta":{"_uag_custom_page_level_css":"","_themeisle_gutenberg_block_has_review":false},"product_brand":[],"product_cat":[15],"product_tag":[],"class_list":{"0":"post-962","1":"product","2":"type-product","3":"status-publish","4":"has-post-thumbnail","6":"product_cat-non-classe","8":"first","9":"outofstock","10":"shipping-taxable","11":"purchasable","12":"product-type-simple"},"uagb_featured_image_src":{"full":["https:\/\/lelocal-tournefeuille.fr\/wp-content\/uploads\/2026\/02\/ChatGPT-Image-9-fevr.-2026-10_46_05-2.png",1024,1536,false],"thumbnail":["https:\/\/lelocal-tournefeuille.fr\/wp-content\/uploads\/2026\/02\/ChatGPT-Image-9-fevr.-2026-10_46_05-2-150x150.png",150,150,true],"medium":["https:\/\/lelocal-tournefeuille.fr\/wp-content\/uploads\/2026\/02\/ChatGPT-Image-9-fevr.-2026-10_46_05-2-200x300.png",200,300,true],"medium_large":["https:\/\/lelocal-tournefeuille.fr\/wp-content\/uploads\/2026\/02\/ChatGPT-Image-9-fevr.-2026-10_46_05-2-768x1152.png",768,1152,true],"large":["https:\/\/lelocal-tournefeuille.fr\/wp-content\/uploads\/2026\/02\/ChatGPT-Image-9-fevr.-2026-10_46_05-2-683x1024.png",683,1024,true],"1536x1536":["https:\/\/lelocal-tournefeuille.fr\/wp-content\/uploads\/2026\/02\/ChatGPT-Image-9-fevr.-2026-10_46_05-2.png",1024,1536,false],"2048x2048":["https:\/\/lelocal-tournefeuille.fr\/wp-content\/uploads\/2026\/02\/ChatGPT-Image-9-fevr.-2026-10_46_05-2.png",1024,1536,false],"woocommerce_thumbnail":["https:\/\/lelocal-tournefeuille.fr\/wp-content\/uploads\/2026\/02\/ChatGPT-Image-9-fevr.-2026-10_46_05-2-300x300.png",300,300,true],"woocommerce_single":["https:\/\/lelocal-tournefeuille.fr\/wp-content\/uploads\/2026\/02\/ChatGPT-Image-9-fevr.-2026-10_46_05-2-600x900.png",600,900,true],"woocommerce_gallery_thumbnail":["https:\/\/lelocal-tournefeuille.fr\/wp-content\/uploads\/2026\/02\/ChatGPT-Image-9-fevr.-2026-10_46_05-2-100x100.png",100,100,true]},"uagb_author_info":{"display_name":"bruno caparros","author_link":"https:\/\/lelocal-tournefeuille.fr\/?author=0"},"uagb_comment_info":0,"uagb_excerpt":"Colombo de cuisse de poulet avec des l\u00e9gumes mijot\u00e9s et un riz carotte cumin Viande origine France (Gers) Visuel non contractuel Allerg\u00e8nes : lactose, gluten, c\u00e8leri","jetpack_sharing_enabled":true,"_links":{"self":[{"href":"https:\/\/lelocal-tournefeuille.fr\/index.php?rest_route=\/wp\/v2\/product\/962","targetHints":{"allow":["GET"]}}],"collection":[{"href":"https:\/\/lelocal-tournefeuille.fr\/index.php?rest_route=\/wp\/v2\/product"}],"about":[{"href":"https:\/\/lelocal-tournefeuille.fr\/index.php?rest_route=\/wp\/v2\/types\/product"}],"replies":[{"embeddable":true,"href":"https:\/\/lelocal-tournefeuille.fr\/index.php?rest_route=%2Fwp%2Fv2%2Fcomments&post=962"}],"wp:featuredmedia":[{"embeddable":true,"href":"https:\/\/lelocal-tournefeuille.fr\/index.php?rest_route=\/wp\/v2\/media\/963"}],"wp:attachment":[{"href":"https:\/\/lelocal-tournefeuille.fr\/index.php?rest_route=%2Fwp%2Fv2%2Fmedia&parent=962"}],"wp:term":[{"taxonomy":"product_brand","embeddable":true,"href":"https:\/\/lelocal-tournefeuille.fr\/index.php?rest_route=%2Fwp%2Fv2%2Fproduct_brand&post=962"},{"taxonomy":"product_cat","embeddable":true,"href":"https:\/\/lelocal-tournefeuille.fr\/index.php?rest_route=%2Fwp%2Fv2%2Fproduct_cat&post=962"},{"taxonomy":"product_tag","embeddable":true,"href":"https:\/\/lelocal-tournefeuille.fr\/index.php?rest_route=%2Fwp%2Fv2%2Fproduct_tag&post=962"}],"curies":[{"name":"wp","href":"https:\/\/api.w.org\/{rel}","templated":true}]}}